{"id":1183,"date":"2026-01-14T12:32:19","date_gmt":"2026-01-14T12:32:19","guid":{"rendered":"https:\/\/hiphoongems.com\/?post_type=product&#038;p=1183"},"modified":"2026-01-21T06:49:14","modified_gmt":"2026-01-21T06:49:14","slug":"lemon-jade-chip-beads","status":"publish","type":"product","link":"https:\/\/hiphoongems.com\/es\/producto\/gemstone-chip-beads\/lemon-jade-chip-beads\/","title":{"rendered":"Cuentas de jade lim\u00f3n genuino \u2013 Hilo de cuentas de piedra verde amarillenta"},"content":{"rendered":"<div class=\"_4f9bf79 _43c05b5\">\n<div class=\"ds-message _63c77b1\"><strong style=\"color: #000000; font-size: 25px;\">Descubra el encanto de la naturaleza: cuentas de jade lim\u00f3n premium para colecciones de joyer\u00eda distintivas<\/strong><\/div>\n<\/div>\n<div class=\"_9663006\">\n<div class=\"_11d6b3a\">\n<div class=\"_425ea0b\">\n<div class=\"ds-flex _78e0558 _0bbda35\">\n<div class=\"db183363 ds-icon-button ds-icon-button--m ds-icon-button--sizing-container\" tabindex=\"0\" role=\"button\" aria-disabled=\"false\">\n<div class=\"ds-focus-ring\">\n<p class=\"ds-markdown-paragraph\"><span style=\"color: #000000;\">Infunda su colecci\u00f3n de joyas con la energ\u00eda radiante de nuestras cuentas naturales de jade lim\u00f3n. Esta exclusiva colecci\u00f3n presenta aut\u00e9nticas...\u00a0<strong>Cuentas de jade con forma de lim\u00f3n<\/strong>, que presentan cautivadores tonos amarillo verdosos y una forma irregular y org\u00e1nica. Por ello, estas cuentas de chips de piedra natural son el punto focal perfecto para dise\u00f1os con tem\u00e1tica bohemia, veraniega y de bienestar.<\/span><\/p>\n<h3><span style=\"color: #000000;\"><strong>Descripci\u00f3n del producto: Cuentas de piedra natural aut\u00e9nticas<\/strong><\/span><\/h3>\n<p class=\"ds-markdown-paragraph\"><span style=\"color: #000000;\">Elaboramos espec\u00edficamente estos\u00a0<strong>Cuentas de jade con forma de lim\u00f3n<\/strong>\u00a0Para mayoristas y dise\u00f1adores de boutiques. Adem\u00e1s, nuestro proceso de selecci\u00f3n garantiza una consistencia superior tanto en color como en calidad. Cada pieza se pule cuidadosamente para lograr un acabado suave y duradero, conservando su car\u00e1cter natural y natural. Adem\u00e1s, su vers\u00e1til tama\u00f1o de 5-8 mm permite una amplia gama de aplicaciones, desde delicadas pulseras hasta collares llamativos.<\/span><\/p>\n<h3><img loading=\"lazy\" decoding=\"async\" class=\"aligncenter size-full wp-image-1184\" src=\"https:\/\/hiphoongems.com\/wp-content\/uploads\/2026\/01\/1.jpg\" alt=\"Natural lemon jade chip beads strand \" width=\"1000\" height=\"444\" srcset=\"https:\/\/hiphoongems.com\/wp-content\/uploads\/2026\/01\/1.jpg 1000w, https:\/\/hiphoongems.com\/wp-content\/uploads\/2026\/01\/1-500x222.jpg 500w, https:\/\/hiphoongems.com\/wp-content\/uploads\/2026\/01\/1-300x133.jpg 300w, https:\/\/hiphoongems.com\/wp-content\/uploads\/2026\/01\/1-768x341.jpg 768w, https:\/\/hiphoongems.com\/wp-content\/uploads\/2026\/01\/1-18x8.jpg 18w, https:\/\/hiphoongems.com\/wp-content\/uploads\/2026\/01\/1-150x67.jpg 150w, https:\/\/hiphoongems.com\/wp-content\/uploads\/2026\/01\/1-480x213.jpg 480w, https:\/\/hiphoongems.com\/wp-content\/uploads\/2026\/01\/1-800x355.jpg 800w\" sizes=\"auto, (max-width:767px) 480px, (max-width:1000px) 100vw, 1000px\" \/><\/h3>\n<h3><span style=\"color: #000000;\"><strong>Especificaciones y caracter\u00edsticas detalladas de las cuentas de piedra verde amarillenta<\/strong><\/span><\/h3>\n<ul>\n<li>\n<p class=\"ds-markdown-paragraph\"><span style=\"color: #000000;\"><strong>Material:<\/strong>\u00a0100% Jade lim\u00f3n natural genuino (familia de las cuarcitas)<\/span><\/p>\n<\/li>\n<li>\n<p class=\"ds-markdown-paragraph\"><span style=\"color: #000000;\"><strong>Estilo:<\/strong>\u00a0Cuentas de chip irregulares (forma de pepita natural)<\/span><\/p>\n<\/li>\n<li>\n<p class=\"ds-markdown-paragraph\"><span style=\"color: #000000;\"><strong>Tama\u00f1o:<\/strong>\u00a0Oferta primaria de 5-8 mm (dimensiones aproximadas)<\/span><\/p>\n<\/li>\n<li>\n<p class=\"ds-markdown-paragraph\"><span style=\"color: #000000;\"><strong>Longitud de la hebra:<\/strong>\u00a0Est\u00e1ndar 80 cm (aprox. 31,5 pulgadas)<\/span><\/p>\n<\/li>\n<li>\n<p class=\"ds-markdown-paragraph\"><span style=\"color: #000000;\"><strong>Tama\u00f1o del agujero:<\/strong>\u00a0Aproximadamente 1 mm, adecuado para la mayor\u00eda de los cables.<\/span><\/p>\n<\/li>\n<li>\n<p class=\"ds-markdown-paragraph\"><span style=\"color: #000000;\"><strong>Color:<\/strong>\u00a0Una mezcla armoniosa de tonos amarillo verdosos con variaciones naturales.<\/span><\/p>\n<\/li>\n<\/ul>\n<h3><span style=\"color: #000000;\"><strong>Beneficios clave de las cuentas de piedra verde amarillenta para su negocio<\/strong><\/span><\/h3>\n<ul>\n<li>\n<p class=\"ds-markdown-paragraph\"><span style=\"color: #000000;\"><strong>Calidad Premium:<\/strong>\u00a0Nuestra rigurosa selecci\u00f3n prioriza el color vibrante y la integridad estructural.<\/span><\/p>\n<\/li>\n<li>\n<p class=\"ds-markdown-paragraph\"><span style=\"color: #000000;\"><strong>Versatilidad de dise\u00f1o:<\/strong> Estas cuentas de chips de piedra natural se adaptan perfectamente a las joyas de cristal curativo y los accesorios de moda m\u00e1s vendidos.<\/span><\/p>\n<\/li>\n<li>\n<p class=\"ds-markdown-paragraph\"><span style=\"color: #000000;\"><strong>Valor superior:<\/strong>\u00a0Como proveedor directo, ofrecemos precios muy competitivos sin concesiones.<\/span><\/p>\n<\/li>\n<\/ul>\n<h3><img loading=\"lazy\" decoding=\"async\" class=\"aligncenter size-full wp-image-1185\" src=\"https:\/\/hiphoongems.com\/wp-content\/uploads\/2026\/01\/IMG_5266.jpg\" alt=\"Lemon Jade Chip Beads for Jewelry Making\" width=\"1000\" height=\"1000\" srcset=\"https:\/\/hiphoongems.com\/wp-content\/uploads\/2026\/01\/IMG_5266.jpg 1000w, https:\/\/hiphoongems.com\/wp-content\/uploads\/2026\/01\/IMG_5266-500x500.jpg 500w, https:\/\/hiphoongems.com\/wp-content\/uploads\/2026\/01\/IMG_5266-300x300.jpg 300w, https:\/\/hiphoongems.com\/wp-content\/uploads\/2026\/01\/IMG_5266-768x768.jpg 768w, https:\/\/hiphoongems.com\/wp-content\/uploads\/2026\/01\/IMG_5266-12x12.jpg 12w, https:\/\/hiphoongems.com\/wp-content\/uploads\/2026\/01\/IMG_5266-150x150.jpg 150w, https:\/\/hiphoongems.com\/wp-content\/uploads\/2026\/01\/IMG_5266-75x75.jpg 75w, https:\/\/hiphoongems.com\/wp-content\/uploads\/2026\/01\/IMG_5266-480x480.jpg 480w, https:\/\/hiphoongems.com\/wp-content\/uploads\/2026\/01\/IMG_5266-800x800.jpg 800w\" sizes=\"auto, (max-width:767px) 480px, (max-width:1000px) 100vw, 1000px\" \/><\/h3>\n<h3><span style=\"color: #000000;\"><strong>Preguntas frecuentes sobre las cuentas de chips de piedra<\/strong><\/span><\/h3>\n<p class=\"ds-markdown-paragraph\"><span style=\"color: #000000;\"><strong>P1: \u00bfQu\u00e9 estilo tienen estas cuentas de piedra verde amarilla?<\/strong><\/span><br \/>\n<span style=\"color: #000000;\"><strong>A1:<\/strong>\u00a0Nuestras cuentas presentan el cl\u00e1sico estilo chip, caracterizado por una atractiva forma irregular y un aspecto natural. En el sector, a veces se denominan &quot;pepitas&quot; indistintamente.<\/span><\/p>\n<p class=\"ds-markdown-paragraph\"><span style=\"color: #000000;\"><strong>P2: \u00bfEl color es uniforme en todas las hebras para pedidos al por mayor?<\/strong><\/span><br \/>\n<span style=\"color: #000000;\"><strong>A2:<\/strong>\u00a0Por supuesto. Como proveedor B2B profesional, agrupamos los materiales cuidadosamente para garantizar una paleta de colores armoniosa. Como resultado, cada pedido ofrece la apariencia aut\u00e9ntica que buscan los dise\u00f1adores.<\/span><\/p>\n<p class=\"ds-markdown-paragraph\"><span style=\"color: #000000;\"><strong>P3: \u00bfCu\u00e1les son los principales usos del tama\u00f1o de grano de 5-8 mm?<\/strong><\/span><br \/>\n<span style=\"color: #000000;\"><strong>A3:<\/strong>\u00a0Este tama\u00f1o es muy popular y vers\u00e1til. Por lo tanto, lo recomendamos especialmente para pulseras apilables, collares de cuentas, pendientes colgantes y cuentas decorativas.<\/span><\/p>\n<p class=\"ds-markdown-paragraph\"><span style=\"color: #000000;\"><strong>P4: \u00bfPuede proporcionar tama\u00f1os distintos a los 5-8 mm de hebras de cuentas de jade lim\u00f3n?<\/strong><\/span><br \/>\n<span style=\"color: #000000;\"><strong>A4:<\/strong>\u00a0S\u00ed, podemos. Si bien nuestro tama\u00f1o est\u00e1ndar es de 5-8 mm, nos especializamos en pedidos personalizados. Por ejemplo, podemos producir otros tama\u00f1os populares, como 3-5 mm para trabajos delicados o 9-12 mm para piezas llamativas. Cont\u00e1ctenos para obtener un presupuesto personalizado y un plazo de entrega.<\/span><\/p>\n<p class=\"ds-markdown-paragraph\"><span style=\"color: #000000;\"><strong>P5: \u00bfTienen alg\u00fan valor las cuentas de jade?<\/strong><\/span><br \/>\n<span style=\"color: #000000;\"><strong>A5:<\/strong>\u00a0Por supuesto. El jade genuino posee un valor considerable, determinado por su color, textura y artesan\u00eda. Nuestras cuentas de jade lim\u00f3n, con su vibrante tono amarillo verdoso, ofrecen un valor accesible y son ideales para crear joyas de gran valor.<\/span><\/p>\n<p class=\"ds-markdown-paragraph\"><span style=\"color: #000000;\"><strong>P6: \u00bfQu\u00e9 color de jade trae m\u00e1s suerte?<\/strong><\/span><br \/>\n<span style=\"color: #000000;\"><strong>A6:<\/strong>\u00a0Si bien los significados var\u00edan,\u00a0<strong>jade verde<\/strong>\u00a0se vincula tradicionalmente con la suerte y la prosperidad. Nuestra\u00a0<strong>Jade lim\u00f3n<\/strong>\u00a0Combina de forma \u00fanica el amarillo auspicioso (riqueza) y el verde (crecimiento), lo que lo convierte en una opci\u00f3n vers\u00e1til para dise\u00f1os simb\u00f3licos.<\/span><\/p>\n<h3><span style=\"color: #000000;\"><strong>Su socio de fabricaci\u00f3n confiable<\/strong><\/span><\/h3>\n<p class=\"ds-markdown-paragraph\"><span style=\"color: #000000;\">En definitiva, nos comprometemos a apoyar su negocio con materiales de alta calidad. Adem\u00e1s de nuestra gama est\u00e1ndar, ofrecemos una personalizaci\u00f3n flexible de tallas. Adem\u00e1s, nos enorgullecemos de nuestros ciclos de producci\u00f3n cortos, calidad constante y precios competitivos.<\/span><\/p>\n<p class=\"ds-markdown-paragraph\"><span style=\"color: #000000;\"><strong>\u00bfListo para continuar?<\/strong>\u00a0Contacte hoy mismo con nuestro equipo de ventas para hablar sobre precios al por mayor, solicitar muestras o personalizar su pedido. Creemos hermosas joyas juntos.<\/span><\/p>\n<\/div>\n<\/div>\n<\/div>\n<\/div>\n<\/div>\n<\/div>\n<p><img loading=\"lazy\" decoding=\"async\" class=\"aligncenter size-full wp-image-1082\" src=\"https:\/\/hiphoongems.com\/wp-content\/uploads\/2026\/01\/5494c72c38a311a370e95f6f131fe50b_720.png\" alt=\"Stone Beads Manufacturer\" width=\"1000\" height=\"1000\" srcset=\"https:\/\/hiphoongems.com\/wp-content\/uploads\/2026\/01\/5494c72c38a311a370e95f6f131fe50b_720.png 1000w, https:\/\/hiphoongems.com\/wp-content\/uploads\/2026\/01\/5494c72c38a311a370e95f6f131fe50b_720-500x500.png 500w, https:\/\/hiphoongems.com\/wp-content\/uploads\/2026\/01\/5494c72c38a311a370e95f6f131fe50b_720-300x300.png 300w, https:\/\/hiphoongems.com\/wp-content\/uploads\/2026\/01\/5494c72c38a311a370e95f6f131fe50b_720-768x768.png 768w, https:\/\/hiphoongems.com\/wp-content\/uploads\/2026\/01\/5494c72c38a311a370e95f6f131fe50b_720-12x12.png 12w, https:\/\/hiphoongems.com\/wp-content\/uploads\/2026\/01\/5494c72c38a311a370e95f6f131fe50b_720-150x150.png 150w, https:\/\/hiphoongems.com\/wp-content\/uploads\/2026\/01\/5494c72c38a311a370e95f6f131fe50b_720-75x75.png 75w, https:\/\/hiphoongems.com\/wp-content\/uploads\/2026\/01\/5494c72c38a311a370e95f6f131fe50b_720-480x480.png 480w, https:\/\/hiphoongems.com\/wp-content\/uploads\/2026\/01\/5494c72c38a311a370e95f6f131fe50b_720-800x800.png 800w\" sizes=\"auto, (max-width:767px) 480px, (max-width:1000px) 100vw, 1000px\" \/><\/p>\n<p dir=\"auto\"><a href=\"https:\/\/hiphoongems.com\/es\/product\/gemstone-chip-bracelet\/\">Pulsera de piedras preciosas naturales con chips \u2013 Joyer\u00eda de cuentas con chips de piedra<\/a><\/p>\n<p dir=\"auto\"><a href=\"https:\/\/hiphoongems.com\/es\/product\/red-agate-chip-beads\/\">Cuentas de \u00e1gata roja aut\u00e9ntica: tira de cuentas de piedra natural para joyer\u00eda DIY<\/a><\/p>\n<p dir=\"auto\"><a href=\"https:\/\/hiphoon.en.made-in-china.com\/product-group\/CqmTfXEOhHRB\/Stone-Chip-Beads-catalog-1.html?pv_id=1jeob31goc01&amp;faw_id=1jeob37d3bbc&amp;bv_id=1jeob37d5606&amp;pbv_id=1jeob2ukq87ej\">Encuentre m\u00e1s cuentas de guijarros irregulares hechas en China<\/a><\/p>\n<p dir=\"auto\"><a href=\"https:\/\/www.instagram.com\/hiphoongems\">Visita nuestro enlace de Instagram si quieres ver m\u00e1s cuentas de chips de piedra<\/a><\/p>","protected":false},"excerpt":{"rendered":"<p class=\"ds-markdown-paragraph\"><span style=\"color: #000000;\">Fuente de alta calidad\u00a0<strong>Cuentas de jade con forma de lim\u00f3n<\/strong>\u00a0y\u00a0<strong>Cuentas de pepitas de jade lim\u00f3n<\/strong>\u00a0para tus dise\u00f1os. Nuestros\u00a0<strong>cuentas de piedra de color verde amarillento<\/strong>\u00a0Ofrecemos vibrantes chips de 5-8 mm en tiras de 80 cm, ideales para pulseras bohemias y creaciones con cristales curativos. Cada cuenta de gema genuina presenta una variaci\u00f3n de color natural y un pulido suave.<\/span><\/p>\n<p class=\"ds-markdown-paragraph\"><span style=\"color: #000000;\">Ofrecemos una calidad consistente a granel con precios competitivos y plazos de entrega r\u00e1pidos. Disponemos de tama\u00f1os personalizados (3-5 mm, 9-12 mm). Cont\u00e1ctenos para obtener presupuestos directos de f\u00e1brica para estos vers\u00e1tiles productos.\u00a0<strong>cuentas de jade lim\u00f3n<\/strong>.<\/span><\/p>","protected":false},"featured_media":1191,"template":"","meta":[],"product_brand":[],"product_cat":[14],"product_tag":[],"class_list":{"0":"post-1183","1":"product","2":"type-product","3":"status-publish","4":"has-post-thumbnail","6":"product_cat-gemstone-chip-beads","8":"first","9":"instock","10":"shipping-taxable","11":"product-type-external"},"yoast_head":"<!-- This site is optimized with the Yoast SEO Premium plugin v26.2 (Yoast SEO v26.6) - https:\/\/yoast.com\/wordpress\/plugins\/seo\/ -->\n<title>Lemon Jade Chip Beads Strand | Natural Stone Beads Wholesale<\/title>\n<meta name=\"description\" content=\"Natural lemon jade chip beads strand for DIY jewelry.Ideal for bracelets,necklaces. Factory direct wholesale with stable quality &amp; custom sizes available.\" \/>\n<meta name=\"robots\" content=\"index, follow, max-snippet:-1, max-image-preview:large, max-video-preview:-1\" \/>\n<link rel=\"canonical\" href=\"https:\/\/hiphoongems.com\/es\/product\/gemstone-chip-beads\/lemon-jade-chip-beads\/\" \/>\n<meta property=\"og:locale\" content=\"es_ES\" \/>\n<meta property=\"og:type\" content=\"article\" \/>\n<meta property=\"og:title\" content=\"Wholesale Natural Amethyst Chip Beads \u2013 Hiphoon Gems\" \/>\n<meta property=\"og:description\" content=\"Natural Amethyst Chip Beads for DIY jewelry and wholesale orders. High-quality gemtone chip beads with flexible customization, competitive pricing, and fast shipping worldwide.\" \/>\n<meta property=\"og:url\" content=\"https:\/\/hiphoongems.com\/es\/product\/gemstone-chip-beads\/lemon-jade-chip-beads\/\" \/>\n<meta property=\"og:site_name\" content=\"Hiphoon Gems Co.,Ltd\" \/>\n<meta property=\"article:publisher\" content=\"https:\/\/www.facebook.com\/pages\/?category=your_pages&amp;ref=bookmarks\" \/>\n<meta property=\"article:modified_time\" content=\"2026-01-21T06:49:14+00:00\" \/>\n<meta property=\"og:image\" content=\"https:\/\/hiphoongems.com\/wp-content\/uploads\/2026\/01\/IMG_5265.jpg\" \/>\n\t<meta property=\"og:image:width\" content=\"1000\" \/>\n\t<meta property=\"og:image:height\" content=\"1000\" \/>\n\t<meta property=\"og:image:type\" content=\"image\/jpeg\" \/>\n<meta name=\"twitter:card\" content=\"summary_large_image\" \/>\n<meta name=\"twitter:label1\" content=\"Tiempo de lectura\" \/>\n\t<meta name=\"twitter:data1\" content=\"4 minutos\" \/>\n<script type=\"application\/ld+json\" class=\"yoast-schema-graph\">{\"@context\":\"https:\/\/schema.org\",\"@graph\":[{\"@type\":\"WebPage\",\"@id\":\"https:\/\/hiphoongems.com\/product\/gemstone-chip-beads\/lemon-jade-chip-beads\/\",\"url\":\"https:\/\/hiphoongems.com\/product\/gemstone-chip-beads\/lemon-jade-chip-beads\/\",\"name\":\"Lemon Jade Chip Beads Strand | Natural Stone Beads Wholesale\",\"isPartOf\":{\"@id\":\"https:\/\/hiphoongems.com\/#website\"},\"primaryImageOfPage\":{\"@id\":\"https:\/\/hiphoongems.com\/product\/gemstone-chip-beads\/lemon-jade-chip-beads\/#primaryimage\"},\"image\":{\"@id\":\"https:\/\/hiphoongems.com\/product\/gemstone-chip-beads\/lemon-jade-chip-beads\/#primaryimage\"},\"thumbnailUrl\":\"https:\/\/hiphoongems.com\/wp-content\/uploads\/2026\/01\/IMG_5265.jpg\",\"datePublished\":\"2026-01-14T12:32:19+00:00\",\"dateModified\":\"2026-01-21T06:49:14+00:00\",\"description\":\"Natural lemon jade chip beads strand for DIY jewelry.Ideal for bracelets,necklaces. Factory direct wholesale with stable quality & custom sizes available.\",\"breadcrumb\":{\"@id\":\"https:\/\/hiphoongems.com\/product\/gemstone-chip-beads\/lemon-jade-chip-beads\/#breadcrumb\"},\"inLanguage\":\"es\",\"potentialAction\":[{\"@type\":\"ReadAction\",\"target\":[\"https:\/\/hiphoongems.com\/product\/gemstone-chip-beads\/lemon-jade-chip-beads\/\"]}]},{\"@type\":\"ImageObject\",\"inLanguage\":\"es\",\"@id\":\"https:\/\/hiphoongems.com\/product\/gemstone-chip-beads\/lemon-jade-chip-beads\/#primaryimage\",\"url\":\"https:\/\/hiphoongems.com\/wp-content\/uploads\/2026\/01\/IMG_5265.jpg\",\"contentUrl\":\"https:\/\/hiphoongems.com\/wp-content\/uploads\/2026\/01\/IMG_5265.jpg\",\"width\":1000,\"height\":1000,\"caption\":\"Authentic Lemon Jade chip beads in vibrant yellow-green, 5-8mm, 80cm strand, perfect for jewelry making\"},{\"@type\":\"BreadcrumbList\",\"@id\":\"https:\/\/hiphoongems.com\/product\/gemstone-chip-beads\/lemon-jade-chip-beads\/#breadcrumb\",\"itemListElement\":[{\"@type\":\"ListItem\",\"position\":1,\"name\":\"Home\",\"item\":\"https:\/\/hiphoongems.com\/\"},{\"@type\":\"ListItem\",\"position\":2,\"name\":\"Product\",\"item\":\"https:\/\/hiphoongems.com\/product\/\"},{\"@type\":\"ListItem\",\"position\":3,\"name\":\"Genuine Lemon Jade Chip Beads &#8211; Yellow Green Stone Beads Strand\"}]},{\"@type\":\"WebSite\",\"@id\":\"https:\/\/hiphoongems.com\/#website\",\"url\":\"https:\/\/hiphoongems.com\/\",\"name\":\"Hiphoon Gems Co.,Ltd\",\"description\":\"Hiphoon Gems Co.,Ltd\",\"publisher\":{\"@id\":\"https:\/\/hiphoongems.com\/#organization\"},\"potentialAction\":[{\"@type\":\"SearchAction\",\"target\":{\"@type\":\"EntryPoint\",\"urlTemplate\":\"https:\/\/hiphoongems.com\/?s={search_term_string}\"},\"query-input\":{\"@type\":\"PropertyValueSpecification\",\"valueRequired\":true,\"valueName\":\"search_term_string\"}}],\"inLanguage\":\"es\"},{\"@type\":\"Organization\",\"@id\":\"https:\/\/hiphoongems.com\/#organization\",\"name\":\"Hiphoon Gems Co.,Ltd\",\"url\":\"https:\/\/hiphoongems.com\/\",\"logo\":{\"@type\":\"ImageObject\",\"inLanguage\":\"es\",\"@id\":\"https:\/\/hiphoongems.com\/#\/schema\/logo\/image\/\",\"url\":\"https:\/\/hiphoongems.com\/wp-content\/uploads\/2025\/12\/logo1313.webp\",\"contentUrl\":\"https:\/\/hiphoongems.com\/wp-content\/uploads\/2025\/12\/logo1313.webp\",\"width\":357,\"height\":229,\"caption\":\"Hiphoon Gems Co.,Ltd\"},\"image\":{\"@id\":\"https:\/\/hiphoongems.com\/#\/schema\/logo\/image\/\"},\"sameAs\":[\"https:\/\/www.facebook.com\/pages\/?category=your_pages&ref=bookmarks\"]}]}<\/script>\n<!-- \/ Yoast SEO Premium plugin. -->","yoast_head_json":{"title":"Lemon Jade Chip Beads Strand | Natural Stone Beads Wholesale","description":"Natural lemon jade chip beads strand for DIY jewelry.Ideal for bracelets,necklaces. Factory direct wholesale with stable quality & custom sizes available.","robots":{"index":"index","follow":"follow","max-snippet":"max-snippet:-1","max-image-preview":"max-image-preview:large","max-video-preview":"max-video-preview:-1"},"canonical":"https:\/\/hiphoongems.com\/es\/product\/gemstone-chip-beads\/lemon-jade-chip-beads\/","og_locale":"es_ES","og_type":"article","og_title":"Wholesale Natural Amethyst Chip Beads \u2013 Hiphoon Gems","og_description":"Natural Amethyst Chip Beads for DIY jewelry and wholesale orders. High-quality gemtone chip beads with flexible customization, competitive pricing, and fast shipping worldwide.","og_url":"https:\/\/hiphoongems.com\/es\/product\/gemstone-chip-beads\/lemon-jade-chip-beads\/","og_site_name":"Hiphoon Gems Co.,Ltd","article_publisher":"https:\/\/www.facebook.com\/pages\/?category=your_pages&ref=bookmarks","article_modified_time":"2026-01-21T06:49:14+00:00","og_image":[{"width":1000,"height":1000,"url":"https:\/\/hiphoongems.com\/wp-content\/uploads\/2026\/01\/IMG_5265.jpg","type":"image\/jpeg"}],"twitter_card":"summary_large_image","twitter_misc":{"Tiempo de lectura":"4 minutos"},"schema":{"@context":"https:\/\/schema.org","@graph":[{"@type":"WebPage","@id":"https:\/\/hiphoongems.com\/product\/gemstone-chip-beads\/lemon-jade-chip-beads\/","url":"https:\/\/hiphoongems.com\/product\/gemstone-chip-beads\/lemon-jade-chip-beads\/","name":"Lemon Jade Chip Beads Strand | Natural Stone Beads Wholesale","isPartOf":{"@id":"https:\/\/hiphoongems.com\/#website"},"primaryImageOfPage":{"@id":"https:\/\/hiphoongems.com\/product\/gemstone-chip-beads\/lemon-jade-chip-beads\/#primaryimage"},"image":{"@id":"https:\/\/hiphoongems.com\/product\/gemstone-chip-beads\/lemon-jade-chip-beads\/#primaryimage"},"thumbnailUrl":"https:\/\/hiphoongems.com\/wp-content\/uploads\/2026\/01\/IMG_5265.jpg","datePublished":"2026-01-14T12:32:19+00:00","dateModified":"2026-01-21T06:49:14+00:00","description":"Natural lemon jade chip beads strand for DIY jewelry.Ideal for bracelets,necklaces. Factory direct wholesale with stable quality & custom sizes available.","breadcrumb":{"@id":"https:\/\/hiphoongems.com\/product\/gemstone-chip-beads\/lemon-jade-chip-beads\/#breadcrumb"},"inLanguage":"es","potentialAction":[{"@type":"ReadAction","target":["https:\/\/hiphoongems.com\/product\/gemstone-chip-beads\/lemon-jade-chip-beads\/"]}]},{"@type":"ImageObject","inLanguage":"es","@id":"https:\/\/hiphoongems.com\/product\/gemstone-chip-beads\/lemon-jade-chip-beads\/#primaryimage","url":"https:\/\/hiphoongems.com\/wp-content\/uploads\/2026\/01\/IMG_5265.jpg","contentUrl":"https:\/\/hiphoongems.com\/wp-content\/uploads\/2026\/01\/IMG_5265.jpg","width":1000,"height":1000,"caption":"Authentic Lemon Jade chip beads in vibrant yellow-green, 5-8mm, 80cm strand, perfect for jewelry making"},{"@type":"BreadcrumbList","@id":"https:\/\/hiphoongems.com\/product\/gemstone-chip-beads\/lemon-jade-chip-beads\/#breadcrumb","itemListElement":[{"@type":"ListItem","position":1,"name":"Home","item":"https:\/\/hiphoongems.com\/"},{"@type":"ListItem","position":2,"name":"Product","item":"https:\/\/hiphoongems.com\/product\/"},{"@type":"ListItem","position":3,"name":"Genuine Lemon Jade Chip Beads &#8211; Yellow Green Stone Beads Strand"}]},{"@type":"WebSite","@id":"https:\/\/hiphoongems.com\/#website","url":"https:\/\/hiphoongems.com\/","name":"Hiphoon Gems Co.,Ltd","description":"Hiphoon Gems Co.,Ltd","publisher":{"@id":"https:\/\/hiphoongems.com\/#organization"},"potentialAction":[{"@type":"SearchAction","target":{"@type":"EntryPoint","urlTemplate":"https:\/\/hiphoongems.com\/?s={search_term_string}"},"query-input":{"@type":"PropertyValueSpecification","valueRequired":true,"valueName":"search_term_string"}}],"inLanguage":"es"},{"@type":"Organization","@id":"https:\/\/hiphoongems.com\/#organization","name":"Hiphoon Gems Co.,Ltd","url":"https:\/\/hiphoongems.com\/","logo":{"@type":"ImageObject","inLanguage":"es","@id":"https:\/\/hiphoongems.com\/#\/schema\/logo\/image\/","url":"https:\/\/hiphoongems.com\/wp-content\/uploads\/2025\/12\/logo1313.webp","contentUrl":"https:\/\/hiphoongems.com\/wp-content\/uploads\/2025\/12\/logo1313.webp","width":357,"height":229,"caption":"Hiphoon Gems Co.,Ltd"},"image":{"@id":"https:\/\/hiphoongems.com\/#\/schema\/logo\/image\/"},"sameAs":["https:\/\/www.facebook.com\/pages\/?category=your_pages&ref=bookmarks"]}]}},"_links":{"self":[{"href":"https:\/\/hiphoongems.com\/es\/wp-json\/wp\/v2\/product\/1183","targetHints":{"allow":["GET"]}}],"collection":[{"href":"https:\/\/hiphoongems.com\/es\/wp-json\/wp\/v2\/product"}],"about":[{"href":"https:\/\/hiphoongems.com\/es\/wp-json\/wp\/v2\/types\/product"}],"wp:featuredmedia":[{"embeddable":true,"href":"https:\/\/hiphoongems.com\/es\/wp-json\/wp\/v2\/media\/1191"}],"wp:attachment":[{"href":"https:\/\/hiphoongems.com\/es\/wp-json\/wp\/v2\/media?parent=1183"}],"wp:term":[{"taxonomy":"product_brand","embeddable":true,"href":"https:\/\/hiphoongems.com\/es\/wp-json\/wp\/v2\/product_brand?post=1183"},{"taxonomy":"product_cat","embeddable":true,"href":"https:\/\/hiphoongems.com\/es\/wp-json\/wp\/v2\/product_cat?post=1183"},{"taxonomy":"product_tag","embeddable":true,"href":"https:\/\/hiphoongems.com\/es\/wp-json\/wp\/v2\/product_tag?post=1183"}],"curies":[{"name":"wp","href":"https:\/\/api.w.org\/{rel}","templated":true}]}}