{"id":483,"date":"2025-12-22T11:31:30","date_gmt":"2025-12-22T11:31:30","guid":{"rendered":"https:\/\/hiphoongems.com\/?post_type=product&#038;p=483"},"modified":"2026-01-14T14:55:34","modified_gmt":"2026-01-14T14:55:34","slug":"green-aventurine-beads","status":"publish","type":"product","link":"https:\/\/hiphoongems.com\/es\/producto\/round-gemstone-beads\/green-aventurine-beads\/","title":{"rendered":"Cuentas redondas de aventurina verde natural: cuentas sueltas de piedras preciosas de 6 a 12 mm"},"content":{"rendered":"<h4 class=\"ds-markdown-paragraph\"><span style=\"color: #000000;\"><strong>Cuentas redondas de aventurina verde: piedras preciosas naturales para la calma y la creatividad<\/strong><\/span><\/h4>\n<p class=\"ds-markdown-paragraph\"><span style=\"color: #000000;\">Eleve sus dise\u00f1os de joyer\u00eda con nuestros exquisitos\u00a0<strong>Cuentas redondas de aventurina verde<\/strong>Obtenemos cada esfera pulida como\u00a0<strong>cuentas de piedra natural<\/strong>, capturando los tonos verdes musgosos y serenos y el brillo suave que hacen\u00a0<strong>Aventurina verde<\/strong>\u00a0un amado\u00a0<strong>piedra preciosa verde<\/strong>\u00a0En todo el mundo. Adem\u00e1s, artesanos y fabricantes aprecian especialmente esta piedra, a menudo llamada la \u00abPiedra de la Oportunidad\u00bb, no solo por su belleza, sino tambi\u00e9n por su asociaci\u00f3n con el crecimiento, la prosperidad y la calma emocional.<\/span><\/p>\n<h3><span style=\"color: #000000;\"><strong>Calidad superior y artesan\u00eda experta<\/strong><\/span><\/h3>\n<p class=\"ds-markdown-paragraph\"><span style=\"color: #000000;\">Nuestros artesanos elaboran estos\u00a0<strong>cuentas de piedra redondas<\/strong>\u00a0Con precisi\u00f3n, garantizan una forma uniforme y un acabado suave. Por lo tanto, son perfectas para crear piezas de joyer\u00eda de calidad profesional, como pulseras, collares y cuerdas de mala. Adem\u00e1s, la calidad constante en cada cuenta simplifica el proceso de producci\u00f3n. Disponibles en una vers\u00e1til gama de tama\u00f1os.\u00a0<strong>6 mm a 12 mm<\/strong>\u00a0de di\u00e1metro, cada hebra tambi\u00e9n ofrece una longitud generosa de\u00a0<strong>36 cm a 40 cm<\/strong>Por lo tanto, esto proporciona una excelente flexibilidad para diversos proyectos y requisitos a gran escala.<\/span><\/p>\n<p><img loading=\"lazy\" decoding=\"async\" class=\"aligncenter size-full wp-image-1195\" src=\"https:\/\/hiphoongems.com\/wp-content\/uploads\/2025\/12\/057698903E74684747CB1246DD6F22C1.jpg\" alt=\"6-12mm Natural Green Aventurine Beads for Jewelry Making\" width=\"1000\" height=\"544\" srcset=\"https:\/\/hiphoongems.com\/wp-content\/uploads\/2025\/12\/057698903E74684747CB1246DD6F22C1.jpg 1000w, https:\/\/hiphoongems.com\/wp-content\/uploads\/2025\/12\/057698903E74684747CB1246DD6F22C1-500x272.jpg 500w, https:\/\/hiphoongems.com\/wp-content\/uploads\/2025\/12\/057698903E74684747CB1246DD6F22C1-300x163.jpg 300w, https:\/\/hiphoongems.com\/wp-content\/uploads\/2025\/12\/057698903E74684747CB1246DD6F22C1-768x418.jpg 768w, https:\/\/hiphoongems.com\/wp-content\/uploads\/2025\/12\/057698903E74684747CB1246DD6F22C1-18x10.jpg 18w, https:\/\/hiphoongems.com\/wp-content\/uploads\/2025\/12\/057698903E74684747CB1246DD6F22C1-138x75.jpg 138w, https:\/\/hiphoongems.com\/wp-content\/uploads\/2025\/12\/057698903E74684747CB1246DD6F22C1-480x261.jpg 480w, https:\/\/hiphoongems.com\/wp-content\/uploads\/2025\/12\/057698903E74684747CB1246DD6F22C1-800x435.jpg 800w\" sizes=\"auto, (max-width:767px) 480px, (max-width:1000px) 100vw, 1000px\" \/><\/p>\n<h3><span style=\"color: #000000;\"><strong>Especificaciones y detalles del producto de cuentas de piedras preciosas verdes<\/strong><\/span><\/h3>\n<ul>\n<li>\n<p class=\"ds-markdown-paragraph\"><span style=\"color: #000000;\"><strong>Piedra preciosa:<\/strong>\u00a0100% Aventurina verde natural<\/span><\/p>\n<\/li>\n<li>\n<p class=\"ds-markdown-paragraph\"><span style=\"color: #000000;\"><strong>Forma:<\/strong>\u00a0Cuentas redondas de precisi\u00f3n<\/span><\/p>\n<\/li>\n<li>\n<p class=\"ds-markdown-paragraph\"><span style=\"color: #000000;\"><strong>Tallas:<\/strong>\u00a06 mm, 8 mm, 10 mm, 12 mm (otros tama\u00f1os disponibles para pedidos personalizados)<\/span><\/p>\n<\/li>\n<li>\n<p class=\"ds-markdown-paragraph\"><span style=\"color: #000000;\"><strong>Longitud de la cadena:<\/strong>\u00a0Hebras est\u00e1ndar de 36-40 cm<\/span><\/p>\n<\/li>\n<li>\n<p class=\"ds-markdown-paragraph\"><span style=\"color: #000000;\"><strong>Finalizar:<\/strong>\u00a0Agujeros de perforaci\u00f3n lisos y muy pulidos<\/span><\/p>\n<\/li>\n<li>\n<p class=\"ds-markdown-paragraph\"><span style=\"color: #000000;\"><strong>Calidad:<\/strong>\u00a0Seleccionados a mano para lograr un color uniforme y m\u00ednimas imperfecciones.<\/span><\/p>\n<\/li>\n<\/ul>\n<h3><span style=\"color: #000000;\"><strong>\u00bfPor qu\u00e9 elegir nuestras cuentas de aventurina verde?<\/strong><\/span><\/h3>\n<p class=\"ds-markdown-paragraph\"><span style=\"color: #000000;\">Nuestras cuentas prometen una calidad constante y un suministro confiable, lo que las hace ideales para\u00a0<strong>B2B<\/strong>\u00a0Proveedores y marcas de joyer\u00eda. Adem\u00e1s, la relajante paleta de colores verdes inspira dise\u00f1os naturalmente elegantes, conectando a los usuarios finales con una sensaci\u00f3n de tranquilidad y buena fortuna. Ya sea que est\u00e9 creando joyas de bienestar, accesorios de moda o art\u00edculos de meditaci\u00f3n, estos\u00a0<strong>cuentas redondas de piedra natural<\/strong>\u00a0Aportar\u00e1n un valor innegable a su colecci\u00f3n. Adem\u00e1s, su versatilidad permite una amplia gama de est\u00e9ticas de dise\u00f1o, desde lo sobrio y bohemio hasta lo moderno y sofisticado.<\/span><\/p>\n<hr \/>\n<h3><img loading=\"lazy\" decoding=\"async\" class=\"aligncenter size-full wp-image-486\" src=\"https:\/\/hiphoongems.com\/wp-content\/uploads\/2025\/12\/2-2.webp\" alt=\"Smaller size 3mm Green Aventurine beads available for custom orders\" width=\"1000\" height=\"1000\" srcset=\"https:\/\/hiphoongems.com\/wp-content\/uploads\/2025\/12\/2-2.webp 1000w, https:\/\/hiphoongems.com\/wp-content\/uploads\/2025\/12\/2-2-500x500.webp 500w, https:\/\/hiphoongems.com\/wp-content\/uploads\/2025\/12\/2-2-300x300.webp 300w, https:\/\/hiphoongems.com\/wp-content\/uploads\/2025\/12\/2-2-768x768.webp 768w, https:\/\/hiphoongems.com\/wp-content\/uploads\/2025\/12\/2-2-12x12.webp 12w, https:\/\/hiphoongems.com\/wp-content\/uploads\/2025\/12\/2-2-150x150.webp 150w, https:\/\/hiphoongems.com\/wp-content\/uploads\/2025\/12\/2-2-75x75.webp 75w, https:\/\/hiphoongems.com\/wp-content\/uploads\/2025\/12\/2-2-480x480.webp 480w, https:\/\/hiphoongems.com\/wp-content\/uploads\/2025\/12\/2-2-800x800.webp 800w\" sizes=\"auto, (max-width:767px) 480px, (max-width:1000px) 100vw, 1000px\" \/><\/h3>\n<h3><span style=\"color: #000000;\"><strong>Preguntas frecuentes<\/strong><\/span><\/h3>\n<p class=\"ds-markdown-paragraph\"><span style=\"color: #000000;\"><strong>P: \u00bfEstas cuentas de aventurina verde son completamente naturales?<\/strong><\/span><br \/>\n<span style=\"color: #000000;\">A: S\u00ed. Nuestro <strong>Cuentas de piedras preciosas verdes\u00a0<\/strong>Consiste en piedra natural 100%. Cada cuenta exhibe las singulares variaciones terrosas y la sutil aventurescencia (brillo) inherentes a este mineral.<\/span><\/p>\n<p class=\"ds-markdown-paragraph\"><span style=\"color: #000000;\"><strong>P: \u00bfCu\u00e1l es el tama\u00f1o y la longitud exactos de una hebra est\u00e1ndar?<\/strong><\/span><br \/>\n<span style=\"color: #000000;\">A: Ofrecemos\u00a0<strong>Cuentas redondas de aventurina verde<\/strong>\u00a0en di\u00e1metros populares desde\u00a0<strong>6 mm hasta 12 mm<\/strong>Adem\u00e1s, cada hebra mide aproximadamente\u00a0<strong>36 a 40 cent\u00edmetros (14 a 16 pulgadas)<\/strong> de largo, proporcionando suficientes cuentas para m\u00faltiples proyectos.<\/span><\/p>\n<p class=\"ds-markdown-paragraph\"><span style=\"color: #000000;\"><strong>P: \u00bfPuedo solicitar un tama\u00f1o personalizado o una cantidad mayor?<\/strong><\/span><br \/>\n<span style=\"color: #000000;\">R: Por supuesto. Como f\u00e1brica profesional de cuentas de piedra, aceptamos pedidos personalizados. Por ejemplo, si bien tenemos en stock tama\u00f1os de 6 a 12 mm, podemos producir otras dimensiones como...\u00a0<strong>Cuentas de piedra redondas de 3-5 mm <\/strong>o di\u00e1metros mayores bajo pedido. Asimismo, gestionamos pedidos al por mayor, tanto peque\u00f1os como grandes. Cont\u00e1ctenos para consultar precios al por mayor y\u00a0<strong>tama\u00f1o personalizado<\/strong>\u00a0presupuesto.<\/span><\/p>\n<p class=\"ds-markdown-paragraph\"><span style=\"color: #000000;\"><strong>P: \u00bfCu\u00e1l es el plazo de producci\u00f3n t\u00edpico para pedidos personalizados?<\/strong><\/span><br \/>\n<span style=\"color: #000000;\">R: Nuestros ciclos de producci\u00f3n son eficientes. Si bien los plazos de entrega var\u00edan seg\u00fan el volumen del pedido, los mantenemos competitivos para garantizar una entrega puntual sin comprometer nuestros altos est\u00e1ndares de calidad. Normalmente, comunicamos un plazo claro al confirmar el pedido.<\/span><\/p>\n<p class=\"ds-markdown-paragraph\"><span style=\"color: #000000;\"><strong>P: \u00bfC\u00f3mo se garantiza la calidad?<\/strong><\/span><br \/>\n<span style=\"color: #000000;\">R: Sometemos nuestras Cuentas Redondas de Piedra Natural a una rigurosa selecci\u00f3n para garantizar la consistencia del color, un pulido suave y perforaciones impecables. Gracias a este compromiso, ofrecemos <strong>Cuentas de piedra natural duraderas y bien acabadas<\/strong>\u00a0que satisfacen las necesidades de fabricaci\u00f3n profesional. Adem\u00e1s, realizamos m\u00faltiples controles de calidad durante todo el proceso de producci\u00f3n.<\/span><\/p>\n<p class=\"ds-markdown-paragraph\"><span style=\"color: #000000;\"><strong>P: \u00bfSon sus precios competitivos para compras al por mayor\/al por mayor?<\/strong><\/span><br \/>\n<span style=\"color: #000000;\">R: S\u00ed. Al operar como una f\u00e1brica directa de cuentas redondas de piedra natural, ofrecemos precios altamente competitivos. <strong>Precios B2B<\/strong>\u00a0Para pedidos al por mayor y al por mayor. Como resultado, le garantizamos un valor excepcional sin sacrificar la calidad. Adem\u00e1s, ofrecemos atractivos descuentos para pedidos de mayor volumen.<\/span><\/p>\n<hr \/>\n<h3><span style=\"color: #000000;\"><strong>Asociese con nuestra f\u00e1brica<\/strong><\/span><\/h3>\n<p class=\"ds-markdown-paragraph\"><span style=\"color: #000000;\">Nos especializamos en el suministro de cuentas de piedras preciosas naturales de alta calidad para el mercado global. En concreto, nuestras principales fortalezas incluyen <strong>opciones personalizables<\/strong>\u00a0(tales como tama\u00f1os como\u00a0<strong>3-5 mm<\/strong>), ciclos de producci\u00f3n cortos, control de calidad constante y precios competitivos directos de f\u00e1brica. Por lo tanto, perm\u00edtanos ser su socio de confianza. <strong>gramo<span style=\"color: #000000;\">verde<\/span> cuentas de piedras preciosas<\/strong>\u00a0y otros productos de piedra natural.<\/span><\/p>\n<p><a href=\"https:\/\/hiphoongems.com\/es\/product\/alashan-agate-round-beads\/\">Cuentas redondas de \u00e1gata Alashan natural para la fabricaci\u00f3n de joyas<\/a><\/p>\n<p><a href=\"https:\/\/hiphoongems.com\/es\/product\/gold-sandstone-beads-strand\/\">Hilo de cuentas redondas de arenisca dorada para la fabricaci\u00f3n de joyas<\/a><\/p>\n<p><a href=\"https:\/\/hiphoon.en.made-in-china.com\/product-group\/lbZAYeNjfLpD\/Loose-Gemstone-Beads-catalog-1.html?pv_id=1jeufqvf87d8&amp;faw_id=1jeufr3s36f6&amp;bv_id=1jeufr3s9c54&amp;pbv_id=1jeufqth2d0dp\">Cuentas redondas de piedras preciosas naturales fabricadas en China<\/a><\/p>","protected":false},"excerpt":{"rendered":"<p class=\"ds-markdown-paragraph\"><span style=\"color: #000000;\">Descubre nuestra prima\u00a0<strong>Cuentas de aventurina verde<\/strong>, elaborado tan suave\u00a0<strong>Cuentas redondas de aventurina verde<\/strong>. Estos genuinos\u00a0<strong>Cuentas de piedras preciosas verdes<\/strong>\u00a0son naturales\u00a0<strong>Cuentas redondas de piedra natural<\/strong>, ideal para tu\u00a0<strong>B2B<\/strong>\u00a0tienda. Disponible en\u00a0<strong>6-12 mm<\/strong>\u00a0di\u00e1metros con\u00a0<strong>36-40 cm de largo<\/strong>\u00a0hebras, presentan un acabado pulido consistente.<\/span><\/p>\n<p class=\"ds-markdown-paragraph\"><span style=\"color: #000000;\">Aceptamos pedidos personalizados de tama\u00f1os como\u00a0<strong>3-5 mm<\/strong>Benef\u00edciate de nuestro ciclo de producci\u00f3n corto, precios competitivos y piedras de alta calidad. Estas cuentas son perfectas para la fabricaci\u00f3n de joyas y la venta al por mayor.<\/span><\/p>\n<div id=\"gtx-anchor\" style=\"position: absolute; visibility: hidden; left: 10px; top: 55.5px; width: 191.977px; height: 19.5px;\"><\/div>\n<div class=\"jfk-bubble gtx-bubble\" style=\"visibility: visible; left: 91px; top: 86px; opacity: 1;\" role=\"alertdialog\" aria-describedby=\"bubble-2\">\n<div id=\"bubble-2\" class=\"jfk-bubble-content-id\">\n<div id=\"gtx-host\" style=\"min-width: 200px; max-width: 400px;\"><\/div>\n<\/div>\n<div class=\"jfk-bubble-closebtn-id jfk-bubble-closebtn\" tabindex=\"0\" role=\"button\" aria-label=\"Cerca\"><\/div>\n<div class=\"jfk-bubble-arrow-id jfk-bubble-arrow jfk-bubble-arrowup\" style=\"left: 96px;\">\n<div class=\"jfk-bubble-arrowimplbefore\"><\/div>\n<div class=\"jfk-bubble-arrowimplafter\"><\/div>\n<\/div>\n<\/div>","protected":false},"featured_media":484,"template":"","meta":[],"product_brand":[],"product_cat":[40],"product_tag":[],"class_list":{"0":"post-483","1":"product","2":"type-product","3":"status-publish","4":"has-post-thumbnail","6":"product_cat-round-gemstone-beads","8":"first","9":"instock","10":"shipping-taxable","11":"product-type-external"},"yoast_head":"<!-- This site is optimized with the Yoast SEO Premium plugin v26.2 (Yoast SEO v26.6) - https:\/\/yoast.com\/wordpress\/plugins\/seo\/ -->\n<title>Green Aventurine Beads | Bulk Natural Gemstone Beads for Jewelry Making<\/title>\n<meta name=\"description\" content=\"Bulk buy premium Green Aventurine Round Beads 6-12mm. Natural gemstone beads for jewelry making. 36-40cm strands. Custom sizes 3-5mm available.\" \/>\n<meta name=\"robots\" content=\"index, follow, max-snippet:-1, max-image-preview:large, max-video-preview:-1\" \/>\n<link rel=\"canonical\" href=\"https:\/\/hiphoongems.com\/es\/product\/round-gemstone-beads\/green-aventurine-beads\/\" \/>\n<meta property=\"og:locale\" content=\"es_ES\" \/>\n<meta property=\"og:type\" content=\"article\" \/>\n<meta property=\"og:title\" content=\"Wholesale Natural Amethyst Chip Beads \u2013 Hiphoon Gems\" \/>\n<meta property=\"og:description\" content=\"Natural Amethyst Chip Beads for DIY jewelry and wholesale orders. High-quality gemtone chip beads with flexible customization, competitive pricing, and fast shipping worldwide.\" \/>\n<meta property=\"og:url\" content=\"https:\/\/hiphoongems.com\/es\/product\/round-gemstone-beads\/green-aventurine-beads\/\" \/>\n<meta property=\"og:site_name\" content=\"Hiphoon Gems Co.,Ltd\" \/>\n<meta property=\"article:publisher\" content=\"https:\/\/www.facebook.com\/pages\/?category=your_pages&amp;ref=bookmarks\" \/>\n<meta property=\"article:modified_time\" content=\"2026-01-14T14:55:34+00:00\" \/>\n<meta property=\"og:image\" content=\"https:\/\/hiphoongems.com\/wp-content\/uploads\/2025\/12\/Green-Aventurine-Beads.webp\" \/>\n\t<meta property=\"og:image:width\" content=\"1000\" \/>\n\t<meta property=\"og:image:height\" content=\"1000\" \/>\n\t<meta property=\"og:image:type\" content=\"image\/webp\" \/>\n<meta name=\"twitter:card\" content=\"summary_large_image\" \/>\n<meta name=\"twitter:label1\" content=\"Tiempo de lectura\" \/>\n\t<meta name=\"twitter:data1\" content=\"4 minutos\" \/>\n<script type=\"application\/ld+json\" class=\"yoast-schema-graph\">{\"@context\":\"https:\/\/schema.org\",\"@graph\":[{\"@type\":\"WebPage\",\"@id\":\"https:\/\/hiphoongems.com\/product\/round-gemstone-beads\/green-aventurine-beads\/\",\"url\":\"https:\/\/hiphoongems.com\/product\/round-gemstone-beads\/green-aventurine-beads\/\",\"name\":\"Green Aventurine Beads | Bulk Natural Gemstone Beads for Jewelry Making\",\"isPartOf\":{\"@id\":\"https:\/\/hiphoongems.com\/#website\"},\"primaryImageOfPage\":{\"@id\":\"https:\/\/hiphoongems.com\/product\/round-gemstone-beads\/green-aventurine-beads\/#primaryimage\"},\"image\":{\"@id\":\"https:\/\/hiphoongems.com\/product\/round-gemstone-beads\/green-aventurine-beads\/#primaryimage\"},\"thumbnailUrl\":\"https:\/\/hiphoongems.com\/wp-content\/uploads\/2025\/12\/Green-Aventurine-Beads.webp\",\"datePublished\":\"2025-12-22T11:31:30+00:00\",\"dateModified\":\"2026-01-14T14:55:34+00:00\",\"description\":\"Bulk buy premium Green Aventurine Round Beads 6-12mm. Natural gemstone beads for jewelry making. 36-40cm strands. Custom sizes 3-5mm available.\",\"breadcrumb\":{\"@id\":\"https:\/\/hiphoongems.com\/product\/round-gemstone-beads\/green-aventurine-beads\/#breadcrumb\"},\"inLanguage\":\"es\",\"potentialAction\":[{\"@type\":\"ReadAction\",\"target\":[\"https:\/\/hiphoongems.com\/product\/round-gemstone-beads\/green-aventurine-beads\/\"]}]},{\"@type\":\"ImageObject\",\"inLanguage\":\"es\",\"@id\":\"https:\/\/hiphoongems.com\/product\/round-gemstone-beads\/green-aventurine-beads\/#primaryimage\",\"url\":\"https:\/\/hiphoongems.com\/wp-content\/uploads\/2025\/12\/Green-Aventurine-Beads.webp\",\"contentUrl\":\"https:\/\/hiphoongems.com\/wp-content\/uploads\/2025\/12\/Green-Aventurine-Beads.webp\",\"width\":1000,\"height\":1000,\"caption\":\"Strand of 8mm Green Aventurine round beads showing natural green color and polish\"},{\"@type\":\"BreadcrumbList\",\"@id\":\"https:\/\/hiphoongems.com\/product\/round-gemstone-beads\/green-aventurine-beads\/#breadcrumb\",\"itemListElement\":[{\"@type\":\"ListItem\",\"position\":1,\"name\":\"Home\",\"item\":\"https:\/\/hiphoongems.com\/\"},{\"@type\":\"ListItem\",\"position\":2,\"name\":\"Product\",\"item\":\"https:\/\/hiphoongems.com\/product\/\"},{\"@type\":\"ListItem\",\"position\":3,\"name\":\"Natural Green Aventurine Round Beads \u2013 Loose Gemstone Beads 6\u201312mm\"}]},{\"@type\":\"WebSite\",\"@id\":\"https:\/\/hiphoongems.com\/#website\",\"url\":\"https:\/\/hiphoongems.com\/\",\"name\":\"Hiphoon Gems Co.,Ltd\",\"description\":\"Hiphoon Gems Co.,Ltd\",\"publisher\":{\"@id\":\"https:\/\/hiphoongems.com\/#organization\"},\"potentialAction\":[{\"@type\":\"SearchAction\",\"target\":{\"@type\":\"EntryPoint\",\"urlTemplate\":\"https:\/\/hiphoongems.com\/?s={search_term_string}\"},\"query-input\":{\"@type\":\"PropertyValueSpecification\",\"valueRequired\":true,\"valueName\":\"search_term_string\"}}],\"inLanguage\":\"es\"},{\"@type\":\"Organization\",\"@id\":\"https:\/\/hiphoongems.com\/#organization\",\"name\":\"Hiphoon Gems Co.,Ltd\",\"url\":\"https:\/\/hiphoongems.com\/\",\"logo\":{\"@type\":\"ImageObject\",\"inLanguage\":\"es\",\"@id\":\"https:\/\/hiphoongems.com\/#\/schema\/logo\/image\/\",\"url\":\"https:\/\/hiphoongems.com\/wp-content\/uploads\/2025\/12\/logo1313.webp\",\"contentUrl\":\"https:\/\/hiphoongems.com\/wp-content\/uploads\/2025\/12\/logo1313.webp\",\"width\":357,\"height\":229,\"caption\":\"Hiphoon Gems Co.,Ltd\"},\"image\":{\"@id\":\"https:\/\/hiphoongems.com\/#\/schema\/logo\/image\/\"},\"sameAs\":[\"https:\/\/www.facebook.com\/pages\/?category=your_pages&ref=bookmarks\"]}]}<\/script>\n<!-- \/ Yoast SEO Premium plugin. -->","yoast_head_json":{"title":"Green Aventurine Beads | Bulk Natural Gemstone Beads for Jewelry Making","description":"Bulk buy premium Green Aventurine Round Beads 6-12mm. Natural gemstone beads for jewelry making. 36-40cm strands. Custom sizes 3-5mm available.","robots":{"index":"index","follow":"follow","max-snippet":"max-snippet:-1","max-image-preview":"max-image-preview:large","max-video-preview":"max-video-preview:-1"},"canonical":"https:\/\/hiphoongems.com\/es\/product\/round-gemstone-beads\/green-aventurine-beads\/","og_locale":"es_ES","og_type":"article","og_title":"Wholesale Natural Amethyst Chip Beads \u2013 Hiphoon Gems","og_description":"Natural Amethyst Chip Beads for DIY jewelry and wholesale orders. High-quality gemtone chip beads with flexible customization, competitive pricing, and fast shipping worldwide.","og_url":"https:\/\/hiphoongems.com\/es\/product\/round-gemstone-beads\/green-aventurine-beads\/","og_site_name":"Hiphoon Gems Co.,Ltd","article_publisher":"https:\/\/www.facebook.com\/pages\/?category=your_pages&ref=bookmarks","article_modified_time":"2026-01-14T14:55:34+00:00","og_image":[{"width":1000,"height":1000,"url":"https:\/\/hiphoongems.com\/wp-content\/uploads\/2025\/12\/Green-Aventurine-Beads.webp","type":"image\/webp"}],"twitter_card":"summary_large_image","twitter_misc":{"Tiempo de lectura":"4 minutos"},"schema":{"@context":"https:\/\/schema.org","@graph":[{"@type":"WebPage","@id":"https:\/\/hiphoongems.com\/product\/round-gemstone-beads\/green-aventurine-beads\/","url":"https:\/\/hiphoongems.com\/product\/round-gemstone-beads\/green-aventurine-beads\/","name":"Green Aventurine Beads | Bulk Natural Gemstone Beads for Jewelry Making","isPartOf":{"@id":"https:\/\/hiphoongems.com\/#website"},"primaryImageOfPage":{"@id":"https:\/\/hiphoongems.com\/product\/round-gemstone-beads\/green-aventurine-beads\/#primaryimage"},"image":{"@id":"https:\/\/hiphoongems.com\/product\/round-gemstone-beads\/green-aventurine-beads\/#primaryimage"},"thumbnailUrl":"https:\/\/hiphoongems.com\/wp-content\/uploads\/2025\/12\/Green-Aventurine-Beads.webp","datePublished":"2025-12-22T11:31:30+00:00","dateModified":"2026-01-14T14:55:34+00:00","description":"Bulk buy premium Green Aventurine Round Beads 6-12mm. Natural gemstone beads for jewelry making. 36-40cm strands. Custom sizes 3-5mm available.","breadcrumb":{"@id":"https:\/\/hiphoongems.com\/product\/round-gemstone-beads\/green-aventurine-beads\/#breadcrumb"},"inLanguage":"es","potentialAction":[{"@type":"ReadAction","target":["https:\/\/hiphoongems.com\/product\/round-gemstone-beads\/green-aventurine-beads\/"]}]},{"@type":"ImageObject","inLanguage":"es","@id":"https:\/\/hiphoongems.com\/product\/round-gemstone-beads\/green-aventurine-beads\/#primaryimage","url":"https:\/\/hiphoongems.com\/wp-content\/uploads\/2025\/12\/Green-Aventurine-Beads.webp","contentUrl":"https:\/\/hiphoongems.com\/wp-content\/uploads\/2025\/12\/Green-Aventurine-Beads.webp","width":1000,"height":1000,"caption":"Strand of 8mm Green Aventurine round beads showing natural green color and polish"},{"@type":"BreadcrumbList","@id":"https:\/\/hiphoongems.com\/product\/round-gemstone-beads\/green-aventurine-beads\/#breadcrumb","itemListElement":[{"@type":"ListItem","position":1,"name":"Home","item":"https:\/\/hiphoongems.com\/"},{"@type":"ListItem","position":2,"name":"Product","item":"https:\/\/hiphoongems.com\/product\/"},{"@type":"ListItem","position":3,"name":"Natural Green Aventurine Round Beads \u2013 Loose Gemstone Beads 6\u201312mm"}]},{"@type":"WebSite","@id":"https:\/\/hiphoongems.com\/#website","url":"https:\/\/hiphoongems.com\/","name":"Hiphoon Gems Co.,Ltd","description":"Hiphoon Gems Co.,Ltd","publisher":{"@id":"https:\/\/hiphoongems.com\/#organization"},"potentialAction":[{"@type":"SearchAction","target":{"@type":"EntryPoint","urlTemplate":"https:\/\/hiphoongems.com\/?s={search_term_string}"},"query-input":{"@type":"PropertyValueSpecification","valueRequired":true,"valueName":"search_term_string"}}],"inLanguage":"es"},{"@type":"Organization","@id":"https:\/\/hiphoongems.com\/#organization","name":"Hiphoon Gems Co.,Ltd","url":"https:\/\/hiphoongems.com\/","logo":{"@type":"ImageObject","inLanguage":"es","@id":"https:\/\/hiphoongems.com\/#\/schema\/logo\/image\/","url":"https:\/\/hiphoongems.com\/wp-content\/uploads\/2025\/12\/logo1313.webp","contentUrl":"https:\/\/hiphoongems.com\/wp-content\/uploads\/2025\/12\/logo1313.webp","width":357,"height":229,"caption":"Hiphoon Gems Co.,Ltd"},"image":{"@id":"https:\/\/hiphoongems.com\/#\/schema\/logo\/image\/"},"sameAs":["https:\/\/www.facebook.com\/pages\/?category=your_pages&ref=bookmarks"]}]}},"_links":{"self":[{"href":"https:\/\/hiphoongems.com\/es\/wp-json\/wp\/v2\/product\/483","targetHints":{"allow":["GET"]}}],"collection":[{"href":"https:\/\/hiphoongems.com\/es\/wp-json\/wp\/v2\/product"}],"about":[{"href":"https:\/\/hiphoongems.com\/es\/wp-json\/wp\/v2\/types\/product"}],"wp:featuredmedia":[{"embeddable":true,"href":"https:\/\/hiphoongems.com\/es\/wp-json\/wp\/v2\/media\/484"}],"wp:attachment":[{"href":"https:\/\/hiphoongems.com\/es\/wp-json\/wp\/v2\/media?parent=483"}],"wp:term":[{"taxonomy":"product_brand","embeddable":true,"href":"https:\/\/hiphoongems.com\/es\/wp-json\/wp\/v2\/product_brand?post=483"},{"taxonomy":"product_cat","embeddable":true,"href":"https:\/\/hiphoongems.com\/es\/wp-json\/wp\/v2\/product_cat?post=483"},{"taxonomy":"product_tag","embeddable":true,"href":"https:\/\/hiphoongems.com\/es\/wp-json\/wp\/v2\/product_tag?post=483"}],"curies":[{"name":"wp","href":"https:\/\/api.w.org\/{rel}","templated":true}]}}