{"id":1099,"date":"2026-01-09T13:30:48","date_gmt":"2026-01-09T13:30:48","guid":{"rendered":"https:\/\/hiphoongems.com\/?post_type=product&#038;p=1099"},"modified":"2026-01-24T04:54:54","modified_gmt":"2026-01-24T04:54:54","slug":"lilac-quartz-chip-beads","status":"publish","type":"product","link":"https:\/\/hiphoongems.com\/fr\/produit\/gemstone-chip-beads\/lilac-quartz-chip-beads\/","title":{"rendered":"Perles de quartz lilas naturel \u2013 Brin irr\u00e9gulier de p\u00e9pites violettes"},"content":{"rendered":"<div class=\"p8Jhnd\">\n<div class=\"aj35ze\">\n<h3 dir=\"auto\"><span style=\"color: #000000;\"><strong>Fil de p\u00e9pites violettes naturelles \u2013 Perc\u00e9 <\/strong><strong>Irr\u00e9gulier\u00a0<\/strong><strong>Perles de quartz lilas aux vertus curatives pour la cr\u00e9ation de bijoux et d&#039;objets artisanaux.<\/strong><\/span><\/h3>\n<p dir=\"auto\"><span style=\"color: #000000;\">Notre <strong>Perles de quartz lilas<\/strong> Elles apportent une douce et apaisante lueur lilas-violette \u00e0 vos cr\u00e9ations. Elles y ajoutent ainsi une touche de s\u00e9r\u00e9nit\u00e9 et d&#039;\u00e9l\u00e9gance. De nombreux cr\u00e9ateurs les choisissent pour leur beaut\u00e9 naturelle et leur douce \u00e9nergie.<\/span><\/p>\n<h3 dir=\"auto\"><span style=\"color: #000000;\">Caract\u00e9ristiques principales<\/span><\/h3>\n<p dir=\"auto\"><span style=\"color: #000000;\">Nous s\u00e9lectionnons \u00e0 la main du quartz brut de haute qualit\u00e9 pour chaque <strong>Perles de quartz lilas<\/strong> fil. De ce fait, chaque perle r\u00e9v\u00e8le une couleur et une puret\u00e9 authentiques. Les perles mesurent de 5 \u00e0 8 mm et sont perc\u00e9es avec pr\u00e9cision. De plus, un fil de 80 cm <strong>Fil de perles \u00e0 copeaux<\/strong> Il contient g\u00e9n\u00e9ralement entre 200 et 230 pi\u00e8ces. Cette longueur offre suffisamment de mat\u00e9riel pour divers projets.<\/span><\/p>\n<p dir=\"auto\"><span style=\"color: #000000;\">Le poids moyen est d&#039;environ 65 grammes par fil. Cependant, de l\u00e9g\u00e8res variations peuvent survenir en raison des diff\u00e9rences naturelles de densit\u00e9 des pierres. De plus, les bords non taill\u00e9s leur conf\u00e8rent un aspect naturel. Enfin, la finition polie brillante les rend lisses et faciles \u00e0 travailler.<\/span><\/p>\n<p dir=\"auto\"><img loading=\"lazy\" decoding=\"async\" class=\"aligncenter size-full wp-image-1107\" src=\"https:\/\/hiphoongems.com\/wp-content\/uploads\/2026\/01\/IMG_6486_\u526f\u672c.jpg\" alt=\"Serene Lilac Quartz Chip Beads Strand with natural purple nuggets. Drilled for crafting \u2013 top choice for healing jewelry &amp; premium beading supplies.\" width=\"1000\" height=\"1000\" srcset=\"https:\/\/hiphoongems.com\/wp-content\/uploads\/2026\/01\/IMG_6486_\u526f\u672c.jpg 1000w, https:\/\/hiphoongems.com\/wp-content\/uploads\/2026\/01\/IMG_6486_\u526f\u672c-500x500.jpg 500w, https:\/\/hiphoongems.com\/wp-content\/uploads\/2026\/01\/IMG_6486_\u526f\u672c-300x300.jpg 300w, https:\/\/hiphoongems.com\/wp-content\/uploads\/2026\/01\/IMG_6486_\u526f\u672c-768x768.jpg 768w, https:\/\/hiphoongems.com\/wp-content\/uploads\/2026\/01\/IMG_6486_\u526f\u672c-12x12.jpg 12w, https:\/\/hiphoongems.com\/wp-content\/uploads\/2026\/01\/IMG_6486_\u526f\u672c-150x150.jpg 150w, https:\/\/hiphoongems.com\/wp-content\/uploads\/2026\/01\/IMG_6486_\u526f\u672c-75x75.jpg 75w, https:\/\/hiphoongems.com\/wp-content\/uploads\/2026\/01\/IMG_6486_\u526f\u672c-480x480.jpg 480w, https:\/\/hiphoongems.com\/wp-content\/uploads\/2026\/01\/IMG_6486_\u526f\u672c-800x800.jpg 800w\" sizes=\"auto, (max-width:767px) 480px, (max-width:1000px) 100vw, 1000px\" \/><\/p>\n<h3 dir=\"auto\"><span style=\"color: #000000;\">Apaisement et pouvoir cr\u00e9atif des perles de quartz lilas\u00a0<\/span><\/h3>\n<p dir=\"auto\"><span style=\"color: #000000;\">Ces <strong>Perles en forme de p\u00e9pites<\/strong> Elles sont appr\u00e9ci\u00e9es pour leurs propri\u00e9t\u00e9s apaisantes et curatives. Par exemple, elles favorisent souvent l&#039;\u00e9quilibre \u00e9motionnel et la paix int\u00e9rieure. C&#039;est pourquoi les cr\u00e9ateurs les utilisent dans la confection de bijoux de bien-\u00eatre, comme les bracelets chakras.<\/span><\/p>\n<p dir=\"auto\"><span style=\"color: #000000;\">De plus, leurs formes irr\u00e9guli\u00e8res s&#039;adaptent \u00e0 de nombreux styles. On peut les superposer pour cr\u00e9er des colliers boh\u00e8mes, ou les associer \u00e0 des m\u00e9taux pour des bracelets modernes. Elles se marient \u00e9galement tr\u00e8s bien avec d&#039;autres pierres. Cette polyvalence les rend excellentes. <strong>FOURNITURES POUR PERLES<\/strong> pour la cr\u00e9ation de bijoux et d&#039;objets artisanaux.<\/span><\/p>\n<h3 dir=\"auto\"><span style=\"color: #000000;\">Notre inventaire et nos services<\/span><\/h3>\n<p dir=\"auto\"><span style=\"color: #000000;\">Hiphoon Gems stocke plus de 100 vari\u00e9t\u00e9s de pierres semi-pr\u00e9cieuses irr\u00e9guli\u00e8res <strong>fournitures de perlage<\/strong>Ainsi, nous pouvons r\u00e9pondre \u00e0 un large \u00e9ventail de besoins. La plupart <strong>Fil de perles \u00e0 copeaux<\/strong> Les articles sont en stock. Par cons\u00e9quent, nous exp\u00e9dions g\u00e9n\u00e9ralement les commandes sous 3 jours.<\/span><\/p>\n<p dir=\"auto\"><span style=\"color: #000000;\">Pour les commandes importantes ou les demandes personnalis\u00e9es, nous nous approvisionnons rapidement en mat\u00e9riaux. La livraison est donc g\u00e9n\u00e9ralement effectu\u00e9e sous 7 \u00e0 14 jours. De plus, la personnalisation est simple. Vous pouvez demander des tailles comme 3-5 mm ou 9-12 mm. La longueur des brins est \u00e9galement ajustable selon votre projet.<\/span><\/p>\n<h3 dir=\"auto\"><span style=\"color: #000000;\">Qualit\u00e9 et valeur<\/span><\/h3>\n<p dir=\"auto\"><span style=\"color: #000000;\">Nous commen\u00e7ons par des pierres originales soigneusement s\u00e9lectionn\u00e9es. Ensuite, nous les polissons m\u00e9ticuleusement. Ce proc\u00e9d\u00e9 permet de r\u00e9duire les d\u00e9lais de production. Par cons\u00e9quent, vous obtenez un \u00e9clat \u00e9lev\u00e9 et constant. <strong>Perles de quartz lilas naturel<\/strong> \u00e0 des prix comp\u00e9titifs.<\/span><\/p>\n<p dir=\"auto\"><span style=\"color: #000000;\">De plus, nous proposons un emballage s\u00e9curis\u00e9 et des conseils d&#039;association utiles. En bref, ces perles vous permettent de cr\u00e9er des bijoux uniques, \u00e0 la fois sophistiqu\u00e9s et empreints d&#039;authenticit\u00e9.<\/span><\/p>\n<h3 dir=\"auto\"><span style=\"color: #000000;\">Commencez d\u00e8s aujourd&#039;hui<\/span><\/h3>\n<p dir=\"auto\"><span style=\"color: #000000;\">Imaginez les douces nuances lilas sublimant votre prochaine collection. Elles inspirent \u00e0 la fois cr\u00e9ativit\u00e9 et s\u00e9r\u00e9nit\u00e9. Contactez-nous pour les d\u00e9couvrir. <strong>Perles de quartz lilas<\/strong> dans votre travail.<\/span><\/p>\n<h3 dir=\"auto\"><span style=\"color: #000000;\">FAQ sur les perles de quartz lilas naturel<\/span><\/h3>\n<h4 dir=\"auto\"><span style=\"color: #000000;\">Pourquoi utiliser des perles de quartz lilas pour la fabrication de bijoux de gu\u00e9rison ?<\/span><\/h4>\n<p dir=\"auto\"><span style=\"color: #000000;\">Elles d\u00e9gagent une \u00e9nergie apaisante naturelle. Par exemple, beaucoup pensent qu&#039;elles favorisent la relaxation et la clart\u00e9 d&#039;esprit. Leur aspect brut et poli pr\u00e9serve l&#039;authenticit\u00e9 de la pierre.<\/span><\/p>\n<h4 dir=\"auto\"><span style=\"color: #000000;\">Puis-je personnaliser les tailles ou les longueurs\u00a0?<\/span><\/h4>\n<p dir=\"auto\"><span style=\"color: #000000;\">Oui, nous offrons une grande flexibilit\u00e9. Au-del\u00e0 de 5-8 mm et 80 cm, essayez 3-5 mm ou 9-12 mm. La longueur des brins est \u00e9galement ajustable. N&#039;h\u00e9sitez pas \u00e0 nous faire part de vos besoins.<\/span><\/p>\n<h4 dir=\"auto\"><span style=\"color: #000000;\">Comment garantir la qualit\u00e9 des billes Nugget Chip ?<\/span><\/h4>\n<p dir=\"auto\"><span style=\"color: #000000;\">Nous s\u00e9lectionnons \u00e0 la main des quartz de premi\u00e8re qualit\u00e9. Nous les per\u00e7ons ensuite avec pr\u00e9cision et les polissons soigneusement. Avec plus de 100 vari\u00e9t\u00e9s en stock, la qualit\u00e9 reste constante.<\/span><\/p>\n<h4 dir=\"auto\"><span style=\"color: #000000;\">Quels sont vos d\u00e9lais de livraison ?<\/span><\/h4>\n<p dir=\"auto\"><span style=\"color: #000000;\">Les commandes de produits en stock sont exp\u00e9di\u00e9es sous 3 jours environ. Les commandes personnalis\u00e9es ou en gros arrivent g\u00e9n\u00e9ralement sous 7 \u00e0 14 jours. Nous assurons un traitement rapide de vos commandes.<\/span><\/p>\n<h4 dir=\"auto\"><span style=\"color: #000000;\">Pourquoi le poids des brins varie-t-il l\u00e9g\u00e8rement\u00a0?<\/span><\/h4>\n<p dir=\"auto\"><span style=\"color: #000000;\">La plupart des m\u00e8ches p\u00e8sent environ 65 grammes. Cependant, de l\u00e9g\u00e8res variations de densit\u00e9 naturelle entra\u00eenent des diff\u00e9rences notables, ce qui conf\u00e8re \u00e0 chaque lot un caract\u00e8re unique.<\/span><\/p>\n<p dir=\"auto\"><img loading=\"lazy\" decoding=\"async\" class=\"aligncenter size-full wp-image-1108\" src=\"https:\/\/hiphoongems.com\/wp-content\/uploads\/2026\/01\/IMG_64871.jpg\" alt=\"Natural Lilac Quartz Chip Beads on 80cm Chip Beads Strand. 5-8mm irregular drilled nuggets \u2013 premium beading supplies for DIY healing jewelry.\" width=\"1000\" height=\"463\" srcset=\"https:\/\/hiphoongems.com\/wp-content\/uploads\/2026\/01\/IMG_64871.jpg 1000w, https:\/\/hiphoongems.com\/wp-content\/uploads\/2026\/01\/IMG_64871-500x232.jpg 500w, https:\/\/hiphoongems.com\/wp-content\/uploads\/2026\/01\/IMG_64871-300x139.jpg 300w, https:\/\/hiphoongems.com\/wp-content\/uploads\/2026\/01\/IMG_64871-768x356.jpg 768w, https:\/\/hiphoongems.com\/wp-content\/uploads\/2026\/01\/IMG_64871-18x8.jpg 18w, https:\/\/hiphoongems.com\/wp-content\/uploads\/2026\/01\/IMG_64871-150x69.jpg 150w, https:\/\/hiphoongems.com\/wp-content\/uploads\/2026\/01\/IMG_64871-480x222.jpg 480w, https:\/\/hiphoongems.com\/wp-content\/uploads\/2026\/01\/IMG_64871-800x370.jpg 800w\" sizes=\"auto, (max-width:767px) 480px, (max-width:1000px) 100vw, 1000px\" \/><\/p>\n<\/div>\n<div><img loading=\"lazy\" decoding=\"async\" class=\"aligncenter size-full wp-image-1082\" src=\"https:\/\/hiphoongems.com\/wp-content\/uploads\/2026\/01\/5494c72c38a311a370e95f6f131fe50b_720.png\" alt=\"Stone Beads Manufacturer\" width=\"1000\" height=\"1000\" srcset=\"https:\/\/hiphoongems.com\/wp-content\/uploads\/2026\/01\/5494c72c38a311a370e95f6f131fe50b_720.png 1000w, https:\/\/hiphoongems.com\/wp-content\/uploads\/2026\/01\/5494c72c38a311a370e95f6f131fe50b_720-500x500.png 500w, https:\/\/hiphoongems.com\/wp-content\/uploads\/2026\/01\/5494c72c38a311a370e95f6f131fe50b_720-300x300.png 300w, https:\/\/hiphoongems.com\/wp-content\/uploads\/2026\/01\/5494c72c38a311a370e95f6f131fe50b_720-768x768.png 768w, https:\/\/hiphoongems.com\/wp-content\/uploads\/2026\/01\/5494c72c38a311a370e95f6f131fe50b_720-12x12.png 12w, https:\/\/hiphoongems.com\/wp-content\/uploads\/2026\/01\/5494c72c38a311a370e95f6f131fe50b_720-150x150.png 150w, https:\/\/hiphoongems.com\/wp-content\/uploads\/2026\/01\/5494c72c38a311a370e95f6f131fe50b_720-75x75.png 75w, https:\/\/hiphoongems.com\/wp-content\/uploads\/2026\/01\/5494c72c38a311a370e95f6f131fe50b_720-480x480.png 480w, https:\/\/hiphoongems.com\/wp-content\/uploads\/2026\/01\/5494c72c38a311a370e95f6f131fe50b_720-800x800.png 800w\" sizes=\"auto, (max-width:767px) 480px, (max-width:1000px) 100vw, 1000px\" \/><\/div>\n<\/div>\n<p><iframe loading=\"lazy\" title=\"Fabricant de perles de pierres pr\u00e9cieuses #gemstone #stonebeads\" width=\"563\" height=\"1000\" src=\"https:\/\/www.youtube.com\/embed\/UsVQIEY8ljk?feature=oembed\" frameborder=\"0\" allow=\"accelerometer; autoplay; clipboard-write; encrypted-media; gyroscope; picture-in-picture; web-share\" referrerpolicy=\"strict-origin-when-cross-origin\" allowfullscreen><\/iframe><\/p>\n<p dir=\"auto\"><a href=\"https:\/\/www.facebook.com\/profile.php?id=61584687407743\">Mises \u00e0 jour sur les perles de pierres pr\u00e9cieuses<\/a><\/p>\n<p dir=\"auto\"><a href=\"https:\/\/hiphoongems.com\/fr\/product\/super-seven-chip-beads\/\">Perles naturelles Super Seven Chip \u2013 P\u00e9pites de cristal Melody irr\u00e9guli\u00e8res pour la cr\u00e9ation de bijoux.<\/a><\/p>\n<p dir=\"auto\"><a href=\"https:\/\/hiphoongems.com\/fr\/product\/rainbow-gemstone-chip-beads\/\">Perles en \u00e9clats de pierres pr\u00e9cieuses arc-en-ciel \u2013 Fournitures pour perles en \u00e9clats de cristal multicolores de 5 \u00e0 8 mm<\/a><\/p>\n<p dir=\"auto\"><a href=\"https:\/\/www.pinterest.com\/HiphoonGems\/\">Plus de pr\u00e9sentations de perles en \u00e9clats de pierre sur Pinterest<\/a><\/p>","protected":false},"excerpt":{"rendered":"<p dir=\"auto\"><span style=\"color: #000000;\">D\u00e9couvrez l&#039;\u00e9l\u00e9gance d\u00e9licate des perles de quartz lilas, parfaites pour sublimer vos cr\u00e9ations de bijoux. Ces perles de quartz lilas naturel arborent de douces nuances lilas-violettes, des formes irr\u00e9guli\u00e8res et une finition polie sur les bords bruts. Chaque collier de perles mesure 80 cm et compte environ 200 \u00e0 230 perles perc\u00e9es (de 5 \u00e0 8 mm) pour un poids d&#039;environ 65 grammes \u2013 de l\u00e9g\u00e8res variations peuvent survenir en raison de la densit\u00e9 naturelle de la pierre. Ces perles polyvalentes poss\u00e8dent des propri\u00e9t\u00e9s apaisantes qui favorisent le calme, l&#039;intuition et l&#039;\u00e9quilibre \u00e9motionnel. Id\u00e9ales comme fournitures de qualit\u00e9 sup\u00e9rieure pour la cr\u00e9ation de bijoux, bracelets bien-\u00eatre, colliers et autres cr\u00e9ations, elles offrent une infinit\u00e9 de possibilit\u00e9s cr\u00e9atives. Profitez d&#039;une livraison rapide et d&#039;options de personnalisation gr\u00e2ce \u00e0 notre stock important.<\/span><\/p>","protected":false},"featured_media":1107,"template":"","meta":[],"product_brand":[],"product_cat":[14],"product_tag":[],"class_list":{"0":"post-1099","1":"product","2":"type-product","3":"status-publish","4":"has-post-thumbnail","6":"product_cat-gemstone-chip-beads","8":"first","9":"instock","10":"shipping-taxable","11":"product-type-external"},"yoast_head":"<!-- This site is optimized with the Yoast SEO Premium plugin v26.2 (Yoast SEO v26.6) - https:\/\/yoast.com\/wordpress\/plugins\/seo\/ -->\n<title>Lilac Quartz Chip Beads - 5-8mm Natural Irregular Nugget Beads<\/title>\n<meta name=\"description\" content=\"Create peaceful jewelry with our 80cm strand of 5-8mm Natural Lilac Quartz Chip Beads. These irregular nugget beads are premium beading supplies.\" \/>\n<meta name=\"robots\" content=\"index, follow, max-snippet:-1, max-image-preview:large, max-video-preview:-1\" \/>\n<link rel=\"canonical\" href=\"https:\/\/hiphoongems.com\/fr\/product\/gemstone-chip-beads\/lilac-quartz-chip-beads\/\" \/>\n<meta property=\"og:locale\" content=\"fr_FR\" \/>\n<meta property=\"og:type\" content=\"article\" \/>\n<meta property=\"og:title\" content=\"Wholesale Natural Amethyst Chip Beads \u2013 Hiphoon Gems\" \/>\n<meta property=\"og:description\" content=\"Natural Amethyst Chip Beads for DIY jewelry and wholesale orders. High-quality gemtone chip beads with flexible customization, competitive pricing, and fast shipping worldwide.\" \/>\n<meta property=\"og:url\" content=\"https:\/\/hiphoongems.com\/fr\/product\/gemstone-chip-beads\/lilac-quartz-chip-beads\/\" \/>\n<meta property=\"og:site_name\" content=\"Hiphoon Gems Co.,Ltd\" \/>\n<meta property=\"article:publisher\" content=\"https:\/\/www.facebook.com\/pages\/?category=your_pages&amp;ref=bookmarks\" \/>\n<meta property=\"article:modified_time\" content=\"2026-01-24T04:54:54+00:00\" \/>\n<meta property=\"og:image\" content=\"https:\/\/hiphoongems.com\/wp-content\/uploads\/2026\/01\/IMG_6486_\u526f\u672c.jpg\" \/>\n\t<meta property=\"og:image:width\" content=\"1000\" \/>\n\t<meta property=\"og:image:height\" content=\"1000\" \/>\n\t<meta property=\"og:image:type\" content=\"image\/jpeg\" \/>\n<meta name=\"twitter:card\" content=\"summary_large_image\" \/>\n<meta name=\"twitter:label1\" content=\"Dur\u00e9e de lecture estim\u00e9e\" \/>\n\t<meta name=\"twitter:data1\" content=\"4 minutes\" \/>\n<script type=\"application\/ld+json\" class=\"yoast-schema-graph\">{\"@context\":\"https:\/\/schema.org\",\"@graph\":[{\"@type\":\"WebPage\",\"@id\":\"https:\/\/hiphoongems.com\/product\/gemstone-chip-beads\/lilac-quartz-chip-beads\/\",\"url\":\"https:\/\/hiphoongems.com\/product\/gemstone-chip-beads\/lilac-quartz-chip-beads\/\",\"name\":\"Lilac Quartz Chip Beads - 5-8mm Natural Irregular Nugget Beads\",\"isPartOf\":{\"@id\":\"https:\/\/hiphoongems.com\/#website\"},\"primaryImageOfPage\":{\"@id\":\"https:\/\/hiphoongems.com\/product\/gemstone-chip-beads\/lilac-quartz-chip-beads\/#primaryimage\"},\"image\":{\"@id\":\"https:\/\/hiphoongems.com\/product\/gemstone-chip-beads\/lilac-quartz-chip-beads\/#primaryimage\"},\"thumbnailUrl\":\"https:\/\/hiphoongems.com\/wp-content\/uploads\/2026\/01\/IMG_6486_\u526f\u672c.jpg\",\"datePublished\":\"2026-01-09T13:30:48+00:00\",\"dateModified\":\"2026-01-24T04:54:54+00:00\",\"description\":\"Create peaceful jewelry with our 80cm strand of 5-8mm Natural Lilac Quartz Chip Beads. These irregular nugget beads are premium beading supplies.\",\"breadcrumb\":{\"@id\":\"https:\/\/hiphoongems.com\/product\/gemstone-chip-beads\/lilac-quartz-chip-beads\/#breadcrumb\"},\"inLanguage\":\"fr-FR\",\"potentialAction\":[{\"@type\":\"ReadAction\",\"target\":[\"https:\/\/hiphoongems.com\/product\/gemstone-chip-beads\/lilac-quartz-chip-beads\/\"]}]},{\"@type\":\"ImageObject\",\"inLanguage\":\"fr-FR\",\"@id\":\"https:\/\/hiphoongems.com\/product\/gemstone-chip-beads\/lilac-quartz-chip-beads\/#primaryimage\",\"url\":\"https:\/\/hiphoongems.com\/wp-content\/uploads\/2026\/01\/IMG_6486_\u526f\u672c.jpg\",\"contentUrl\":\"https:\/\/hiphoongems.com\/wp-content\/uploads\/2026\/01\/IMG_6486_\u526f\u672c.jpg\",\"width\":1000,\"height\":1000,\"caption\":\"Serene Lilac Quartz Chip Beads Strand with natural purple nuggets. Drilled for crafting \u2013 top choice for healing jewelry & premium beading supplies.\"},{\"@type\":\"BreadcrumbList\",\"@id\":\"https:\/\/hiphoongems.com\/product\/gemstone-chip-beads\/lilac-quartz-chip-beads\/#breadcrumb\",\"itemListElement\":[{\"@type\":\"ListItem\",\"position\":1,\"name\":\"Home\",\"item\":\"https:\/\/hiphoongems.com\/\"},{\"@type\":\"ListItem\",\"position\":2,\"name\":\"Product\",\"item\":\"https:\/\/hiphoongems.com\/product\/\"},{\"@type\":\"ListItem\",\"position\":3,\"name\":\"Natural Lilac Quartz Chip Beads &#8211; Irregular Purple Nugget Strand\"}]},{\"@type\":\"WebSite\",\"@id\":\"https:\/\/hiphoongems.com\/#website\",\"url\":\"https:\/\/hiphoongems.com\/\",\"name\":\"Hiphoon Gems Co.,Ltd\",\"description\":\"Hiphoon Gems Co.,Ltd\",\"publisher\":{\"@id\":\"https:\/\/hiphoongems.com\/#organization\"},\"potentialAction\":[{\"@type\":\"SearchAction\",\"target\":{\"@type\":\"EntryPoint\",\"urlTemplate\":\"https:\/\/hiphoongems.com\/?s={search_term_string}\"},\"query-input\":{\"@type\":\"PropertyValueSpecification\",\"valueRequired\":true,\"valueName\":\"search_term_string\"}}],\"inLanguage\":\"fr-FR\"},{\"@type\":\"Organization\",\"@id\":\"https:\/\/hiphoongems.com\/#organization\",\"name\":\"Hiphoon Gems Co.,Ltd\",\"url\":\"https:\/\/hiphoongems.com\/\",\"logo\":{\"@type\":\"ImageObject\",\"inLanguage\":\"fr-FR\",\"@id\":\"https:\/\/hiphoongems.com\/#\/schema\/logo\/image\/\",\"url\":\"https:\/\/hiphoongems.com\/wp-content\/uploads\/2025\/12\/logo1313.webp\",\"contentUrl\":\"https:\/\/hiphoongems.com\/wp-content\/uploads\/2025\/12\/logo1313.webp\",\"width\":357,\"height\":229,\"caption\":\"Hiphoon Gems Co.,Ltd\"},\"image\":{\"@id\":\"https:\/\/hiphoongems.com\/#\/schema\/logo\/image\/\"},\"sameAs\":[\"https:\/\/www.facebook.com\/pages\/?category=your_pages&ref=bookmarks\"]}]}<\/script>\n<!-- \/ Yoast SEO Premium plugin. -->","yoast_head_json":{"title":"Lilac Quartz Chip Beads - 5-8mm Natural Irregular Nugget Beads","description":"Create peaceful jewelry with our 80cm strand of 5-8mm Natural Lilac Quartz Chip Beads. These irregular nugget beads are premium beading supplies.","robots":{"index":"index","follow":"follow","max-snippet":"max-snippet:-1","max-image-preview":"max-image-preview:large","max-video-preview":"max-video-preview:-1"},"canonical":"https:\/\/hiphoongems.com\/fr\/product\/gemstone-chip-beads\/lilac-quartz-chip-beads\/","og_locale":"fr_FR","og_type":"article","og_title":"Wholesale Natural Amethyst Chip Beads \u2013 Hiphoon Gems","og_description":"Natural Amethyst Chip Beads for DIY jewelry and wholesale orders. High-quality gemtone chip beads with flexible customization, competitive pricing, and fast shipping worldwide.","og_url":"https:\/\/hiphoongems.com\/fr\/product\/gemstone-chip-beads\/lilac-quartz-chip-beads\/","og_site_name":"Hiphoon Gems Co.,Ltd","article_publisher":"https:\/\/www.facebook.com\/pages\/?category=your_pages&ref=bookmarks","article_modified_time":"2026-01-24T04:54:54+00:00","og_image":[{"width":1000,"height":1000,"url":"https:\/\/hiphoongems.com\/wp-content\/uploads\/2026\/01\/IMG_6486_\u526f\u672c.jpg","type":"image\/jpeg"}],"twitter_card":"summary_large_image","twitter_misc":{"Dur\u00e9e de lecture estim\u00e9e":"4 minutes"},"schema":{"@context":"https:\/\/schema.org","@graph":[{"@type":"WebPage","@id":"https:\/\/hiphoongems.com\/product\/gemstone-chip-beads\/lilac-quartz-chip-beads\/","url":"https:\/\/hiphoongems.com\/product\/gemstone-chip-beads\/lilac-quartz-chip-beads\/","name":"Lilac Quartz Chip Beads - 5-8mm Natural Irregular Nugget Beads","isPartOf":{"@id":"https:\/\/hiphoongems.com\/#website"},"primaryImageOfPage":{"@id":"https:\/\/hiphoongems.com\/product\/gemstone-chip-beads\/lilac-quartz-chip-beads\/#primaryimage"},"image":{"@id":"https:\/\/hiphoongems.com\/product\/gemstone-chip-beads\/lilac-quartz-chip-beads\/#primaryimage"},"thumbnailUrl":"https:\/\/hiphoongems.com\/wp-content\/uploads\/2026\/01\/IMG_6486_\u526f\u672c.jpg","datePublished":"2026-01-09T13:30:48+00:00","dateModified":"2026-01-24T04:54:54+00:00","description":"Create peaceful jewelry with our 80cm strand of 5-8mm Natural Lilac Quartz Chip Beads. These irregular nugget beads are premium beading supplies.","breadcrumb":{"@id":"https:\/\/hiphoongems.com\/product\/gemstone-chip-beads\/lilac-quartz-chip-beads\/#breadcrumb"},"inLanguage":"fr-FR","potentialAction":[{"@type":"ReadAction","target":["https:\/\/hiphoongems.com\/product\/gemstone-chip-beads\/lilac-quartz-chip-beads\/"]}]},{"@type":"ImageObject","inLanguage":"fr-FR","@id":"https:\/\/hiphoongems.com\/product\/gemstone-chip-beads\/lilac-quartz-chip-beads\/#primaryimage","url":"https:\/\/hiphoongems.com\/wp-content\/uploads\/2026\/01\/IMG_6486_\u526f\u672c.jpg","contentUrl":"https:\/\/hiphoongems.com\/wp-content\/uploads\/2026\/01\/IMG_6486_\u526f\u672c.jpg","width":1000,"height":1000,"caption":"Serene Lilac Quartz Chip Beads Strand with natural purple nuggets. Drilled for crafting \u2013 top choice for healing jewelry & premium beading supplies."},{"@type":"BreadcrumbList","@id":"https:\/\/hiphoongems.com\/product\/gemstone-chip-beads\/lilac-quartz-chip-beads\/#breadcrumb","itemListElement":[{"@type":"ListItem","position":1,"name":"Home","item":"https:\/\/hiphoongems.com\/"},{"@type":"ListItem","position":2,"name":"Product","item":"https:\/\/hiphoongems.com\/product\/"},{"@type":"ListItem","position":3,"name":"Natural Lilac Quartz Chip Beads &#8211; Irregular Purple Nugget Strand"}]},{"@type":"WebSite","@id":"https:\/\/hiphoongems.com\/#website","url":"https:\/\/hiphoongems.com\/","name":"Hiphoon Gems Co.,Ltd","description":"Hiphoon Gems Co.,Ltd","publisher":{"@id":"https:\/\/hiphoongems.com\/#organization"},"potentialAction":[{"@type":"SearchAction","target":{"@type":"EntryPoint","urlTemplate":"https:\/\/hiphoongems.com\/?s={search_term_string}"},"query-input":{"@type":"PropertyValueSpecification","valueRequired":true,"valueName":"search_term_string"}}],"inLanguage":"fr-FR"},{"@type":"Organization","@id":"https:\/\/hiphoongems.com\/#organization","name":"Hiphoon Gems Co.,Ltd","url":"https:\/\/hiphoongems.com\/","logo":{"@type":"ImageObject","inLanguage":"fr-FR","@id":"https:\/\/hiphoongems.com\/#\/schema\/logo\/image\/","url":"https:\/\/hiphoongems.com\/wp-content\/uploads\/2025\/12\/logo1313.webp","contentUrl":"https:\/\/hiphoongems.com\/wp-content\/uploads\/2025\/12\/logo1313.webp","width":357,"height":229,"caption":"Hiphoon Gems Co.,Ltd"},"image":{"@id":"https:\/\/hiphoongems.com\/#\/schema\/logo\/image\/"},"sameAs":["https:\/\/www.facebook.com\/pages\/?category=your_pages&ref=bookmarks"]}]}},"_links":{"self":[{"href":"https:\/\/hiphoongems.com\/fr\/wp-json\/wp\/v2\/product\/1099","targetHints":{"allow":["GET"]}}],"collection":[{"href":"https:\/\/hiphoongems.com\/fr\/wp-json\/wp\/v2\/product"}],"about":[{"href":"https:\/\/hiphoongems.com\/fr\/wp-json\/wp\/v2\/types\/product"}],"wp:featuredmedia":[{"embeddable":true,"href":"https:\/\/hiphoongems.com\/fr\/wp-json\/wp\/v2\/media\/1107"}],"wp:attachment":[{"href":"https:\/\/hiphoongems.com\/fr\/wp-json\/wp\/v2\/media?parent=1099"}],"wp:term":[{"taxonomy":"product_brand","embeddable":true,"href":"https:\/\/hiphoongems.com\/fr\/wp-json\/wp\/v2\/product_brand?post=1099"},{"taxonomy":"product_cat","embeddable":true,"href":"https:\/\/hiphoongems.com\/fr\/wp-json\/wp\/v2\/product_cat?post=1099"},{"taxonomy":"product_tag","embeddable":true,"href":"https:\/\/hiphoongems.com\/fr\/wp-json\/wp\/v2\/product_tag?post=1099"}],"curies":[{"name":"wp","href":"https:\/\/api.w.org\/{rel}","templated":true}]}}