{"id":567,"date":"2025-12-26T04:54:32","date_gmt":"2025-12-26T04:54:32","guid":{"rendered":"https:\/\/hiphoongems.com\/?post_type=product&#038;p=567"},"modified":"2026-01-20T17:23:58","modified_gmt":"2026-01-20T17:23:58","slug":"green-aventurine-chip-beads","status":"publish","type":"product","link":"https:\/\/hiphoongems.com\/fr\/produit\/gemstone-chip-beads\/green-aventurine-chip-beads\/","title":{"rendered":"Perles d&#039;aventurine verte naturelle en \u00e9clats \u2013 Perles de pierres pr\u00e9cieuses de 5 \u00e0 8 mm en gros"},"content":{"rendered":"<h3 data-start=\"119\" data-end=\"181\"><span style=\"color: #000000;\"><strong data-start=\"123\" data-end=\"181\">Perles d&#039;aventurine verte de qualit\u00e9 sup\u00e9rieure pour la cr\u00e9ation de bijoux<\/strong><\/span><\/h3>\n<p data-start=\"183\" data-end=\"489\"><span style=\"color: #000000;\">Notre <strong data-start=\"187\" data-end=\"218\">Perles d&#039;aventurine verte<\/strong> sont le compl\u00e9ment id\u00e9al \u00e0 toute collection de bijoux. D&#039;une taille de 5 \u00e0 8 mm, ces <strong data-start=\"293\" data-end=\"329\">perles de pierres pr\u00e9cieuses naturelles en gros<\/strong> Elles offrent une option polyvalente pour cr\u00e9er de superbes pi\u00e8ces personnalis\u00e9es. Les perles pr\u00e9sentent des formes uniques et irr\u00e9guli\u00e8res, conf\u00e9rant \u00e0 chaque bijou une allure naturelle et organique.<\/span><\/p>\n<p data-start=\"491\" data-end=\"737\"><span style=\"color: #000000;\">Ces <strong data-start=\"497\" data-end=\"520\">perles de pierres pr\u00e9cieuses<\/strong> Elles sont polies pour sublimer leur beaut\u00e9 naturelle et garantir une finition lisse. Leur couleur verte \u00e9clatante et leur texture douce les rendent parfaites pour les designs minimalistes comme pour les cr\u00e9ations audacieuses, apportant profondeur et \u00e9l\u00e9gance \u00e0 chaque projet.<\/span><\/p>\n<hr data-start=\"739\" data-end=\"742\" \/>\n<h3 data-start=\"744\" data-end=\"792\"><span style=\"color: #000000;\"><strong data-start=\"748\" data-end=\"792\">Polyvalent et id\u00e9al pour les commandes en gros<\/strong><\/span><\/h3>\n<p data-start=\"794\" data-end=\"1134\"><span style=\"color: #000000;\">Le <strong data-start=\"798\" data-end=\"836\">Collier de perles d&#039;aventurine verte<\/strong> Ce fil offre un excellent rapport qualit\u00e9-prix gr\u00e2ce \u00e0 sa g\u00e9n\u00e9reuse longueur de 80 cm. Il vous permet de cr\u00e9er de nombreux bijoux, tels que des bracelets, des colliers et des boucles d&#039;oreilles. <strong data-start=\"997\" data-end=\"1033\">perles de pierres pr\u00e9cieuses naturelles en gros<\/strong> sont parfaits pour les designers et les grossistes \u00e0 la recherche de mat\u00e9riaux de haute qualit\u00e9 \u00e0 des prix comp\u00e9titifs.<\/span><\/p>\n<p data-start=\"1136\" data-end=\"1286\"><span style=\"color: #000000;\">Nous proposons \u00e9galement des options de personnalisation, y compris des tailles comme <strong data-start=\"1194\" data-end=\"1203\">3-5 mm<\/strong> et <strong data-start=\"1208\" data-end=\"1218\">9-12 mm<\/strong>vous permettant ainsi de cr\u00e9er les pi\u00e8ces parfaites pour vos besoins sp\u00e9cifiques.<\/span><\/p>\n<p dir=\"auto\"><img loading=\"lazy\" decoding=\"async\" class=\"aligncenter wp-image-575 size-full\" src=\"https:\/\/hiphoongems.com\/wp-content\/uploads\/2025\/12\/green-aventurine-chip-beads.jpg\" alt=\"green aventurine chip beads\" width=\"1000\" height=\"527\" srcset=\"https:\/\/hiphoongems.com\/wp-content\/uploads\/2025\/12\/green-aventurine-chip-beads.jpg 1000w, https:\/\/hiphoongems.com\/wp-content\/uploads\/2025\/12\/green-aventurine-chip-beads-500x264.jpg 500w, https:\/\/hiphoongems.com\/wp-content\/uploads\/2025\/12\/green-aventurine-chip-beads-300x158.jpg 300w, https:\/\/hiphoongems.com\/wp-content\/uploads\/2025\/12\/green-aventurine-chip-beads-768x405.jpg 768w, https:\/\/hiphoongems.com\/wp-content\/uploads\/2025\/12\/green-aventurine-chip-beads-18x9.jpg 18w, https:\/\/hiphoongems.com\/wp-content\/uploads\/2025\/12\/green-aventurine-chip-beads-142x75.jpg 142w, https:\/\/hiphoongems.com\/wp-content\/uploads\/2025\/12\/green-aventurine-chip-beads-480x253.jpg 480w, https:\/\/hiphoongems.com\/wp-content\/uploads\/2025\/12\/green-aventurine-chip-beads-800x422.jpg 800w\" sizes=\"auto, (max-width:767px) 480px, (max-width:1000px) 100vw, 1000px\" \/><\/p>\n<hr data-start=\"1288\" data-end=\"1291\" \/>\n<h3 data-start=\"1293\" data-end=\"1331\"><span style=\"color: #000000;\"><strong data-start=\"1297\" data-end=\"1331\">Beaut\u00e9 naturelle dans chaque perle<\/strong><\/span><\/h3>\n<p data-start=\"1333\" data-end=\"1693\"><span style=\"color: #000000;\">L&#039;aventurine verte est connue pour ses magnifiques nuances de vert et son \u00e9clat subtil. Les formes irr\u00e9guli\u00e8res de ces <strong data-start=\"1439\" data-end=\"1470\">Perles de pierres pr\u00e9cieuses vertes<\/strong> Elles captent la lumi\u00e8re sous tous les angles, ce qui les rend id\u00e9ales pour les designs qui n\u00e9cessitent texture et mouvement. <strong data-start=\"1569\" data-end=\"1592\">perles de pierres pr\u00e9cieuses<\/strong> offrir la chaleur et l&#039;attrait visuel que les cr\u00e9ateurs recherchent pour les styles de bijoux classiques et modernes.<\/span><\/p>\n<p data-start=\"1695\" data-end=\"1888\"><span style=\"color: #000000;\">Comme <strong data-start=\"1698\" data-end=\"1732\">perles de pierres pr\u00e9cieuses vertes<\/strong>Ces perles apportent une touche de luxe \u00e0 toutes vos cr\u00e9ations. Que vous cr\u00e9iez des bijoux pour votre usage personnel ou pour la vente, ces perles sublimeront vos cr\u00e9ations.<\/span><\/p>\n<hr data-start=\"1890\" data-end=\"1893\" \/>\n<h3 data-start=\"1895\" data-end=\"1949\"><span style=\"color: #000000;\"><strong data-start=\"1899\" data-end=\"1949\">Facile \u00e0 utiliser \u2013 Id\u00e9al pour l&#039;assemblage de bijoux<\/strong><\/span><\/h3>\n<p data-start=\"1951\" data-end=\"2285\"><span style=\"color: #000000;\">Malgr\u00e9 leurs formes irr\u00e9guli\u00e8res, les <strong data-start=\"1987\" data-end=\"2018\">Perles d&#039;aventurine verte<\/strong> Ces perles sont faciles \u00e0 travailler. Polies pour une finition lisse, elles ne pr\u00e9sentent aucune ar\u00eate vive, ce qui les rend confortables \u00e0 porter et simples \u00e0 manipuler lors de la cr\u00e9ation de bijoux. Leur diam\u00e8tre constant de 5 \u00e0 8 mm garantit des cr\u00e9ations harmonieuses et \u00e9quilibr\u00e9es.<\/span><\/p>\n<p data-start=\"2287\" data-end=\"2425\"><span style=\"color: #000000;\">Ces <strong data-start=\"2293\" data-end=\"2329\">perles de pierres pr\u00e9cieuses naturelles en gros<\/strong> sont parfaits pour les cr\u00e9ateurs \u00e0 la recherche de mat\u00e9riaux durables et de haute qualit\u00e9 pour des bijoux qui durent longtemps.<\/span><\/p>\n<hr data-start=\"2427\" data-end=\"2430\" \/>\n<h3 data-start=\"2432\" data-end=\"2481\"><span style=\"color: #000000;\"><strong data-start=\"2436\" data-end=\"2481\">Commandes personnalis\u00e9es et opportunit\u00e9s de vente en gros<\/strong><\/span><\/h3>\n<p data-start=\"2483\" data-end=\"2784\"><span style=\"color: #000000;\">Nous vous souhaitons la bienvenue <strong data-start=\"2494\" data-end=\"2511\">commandes personnalis\u00e9es<\/strong> pour des tailles, longueurs et quantit\u00e9s sp\u00e9cifiques. Que vous souhaitiez acheter en gros ou que vous ayez besoin d&#039;une taille pr\u00e9cise, notre <strong data-start=\"2625\" data-end=\"2656\">Perles de pierres pr\u00e9cieuses vertes<\/strong> Nos produits peuvent \u00eatre adapt\u00e9s \u00e0 vos besoins. Notre usine propose des prix comp\u00e9titifs, vous garantissant ainsi un excellent rapport qualit\u00e9-prix.<\/span><\/p>\n<p data-start=\"2786\" data-end=\"2929\"><span style=\"color: #000000;\">Parfaits pour la vente au d\u00e9tail, en gros et la production de bijoux sur mesure, ces <strong data-start=\"2854\" data-end=\"2877\">perles de pierres pr\u00e9cieuses<\/strong> sont un \u00e9l\u00e9ment essentiel de la collection de tout cr\u00e9ateur.<\/span><\/p>\n<hr data-start=\"2931\" data-end=\"2934\" \/>\n<h3 data-start=\"2936\" data-end=\"2976\"><span style=\"color: #000000;\"><strong data-start=\"2940\" data-end=\"2976\">Foire aux questions (FAQ) sur les perles d&#039;aventurine verte<\/strong><\/span><\/h3>\n<ol data-start=\"2978\" data-end=\"3465\">\n<li data-start=\"2978\" data-end=\"3133\">\n<p data-start=\"2981\" data-end=\"3133\"><span style=\"color: #000000;\"><strong data-start=\"2981\" data-end=\"3042\">Quelles sont les tailles disponibles pour les copeaux d&#039;aventurine verte\u00a0?<\/strong><\/span><br data-start=\"3042\" data-end=\"3045\" \/><span style=\"color: #000000;\">Nous proposons <strong data-start=\"3057\" data-end=\"3066\">5-8 mm<\/strong> en standard, avec <strong data-start=\"3085\" data-end=\"3094\">3-5 mm<\/strong> et <strong data-start=\"3099\" data-end=\"3109\">9-12 mm<\/strong> disponible sur demande.<\/span><\/p>\n<\/li>\n<li data-start=\"3135\" data-end=\"3284\">\n<p data-start=\"3138\" data-end=\"3284\"><span style=\"color: #000000;\"><strong data-start=\"3138\" data-end=\"3197\">Quelle est la longueur de chaque rang de perles de pierres pr\u00e9cieuses vertes ?<\/strong><\/span><br data-start=\"3197\" data-end=\"3200\" \/><span style=\"color: #000000;\">Chaque brin mesure <strong data-start=\"3224\" data-end=\"3232\">80 cm<\/strong>, offrant une abondance de mat\u00e9riel pour de multiples projets.<\/span><\/p>\n<\/li>\n<li data-start=\"3286\" data-end=\"3465\">\n<p data-start=\"3289\" data-end=\"3465\"><span style=\"color: #000000;\"><strong data-start=\"3289\" data-end=\"3350\">Ces perles conviennent-elles \u00e0 la fabrication de bijoux professionnels\u00a0?<\/strong><\/span><br data-start=\"3350\" data-end=\"3353\" \/><span style=\"color: #000000;\">Oui, ils conviennent parfaitement aux designers professionnels comme aux bricoleurs \u00e0 la recherche de mat\u00e9riaux de haute qualit\u00e9.<\/span><\/p>\n<\/li>\n<\/ol>\n<hr data-start=\"3467\" data-end=\"3470\" \/>\n<h3 data-start=\"3472\" data-end=\"3548\"><span style=\"color: #000000;\"><strong data-start=\"3476\" data-end=\"3548\">Commandez maintenant \u2013 Cr\u00e9ez de superbes bijoux avec des perles de pierres pr\u00e9cieuses vertes<\/strong><\/span><\/h3>\n<p data-start=\"3550\" data-end=\"3881\"><span style=\"color: #000000;\">Si vous recherchez du haut de gamme <strong data-start=\"3580\" data-end=\"3611\">Perles d&#039;aventurine verte<\/strong>Nos fils offrent un excellent rapport qualit\u00e9-prix. Leur beaut\u00e9 naturelle, leur finition lisse et leurs reflets verts chatoyants les rendent parfaits pour tous vos projets de bijoux. <strong data-start=\"3767\" data-end=\"3780\">Commandez maintenant<\/strong> pour garantir votre approvisionnement en ces produits exquis <strong data-start=\"3822\" data-end=\"3858\">perles de pierres pr\u00e9cieuses naturelles en gros<\/strong> \u00e0 des prix comp\u00e9titifs.<\/span><\/p>\n<p data-start=\"3550\" data-end=\"3881\"><img loading=\"lazy\" decoding=\"async\" class=\"aligncenter size-full wp-image-569\" src=\"https:\/\/hiphoongems.com\/wp-content\/uploads\/2025\/12\/IMG_0056.jpg\" alt=\"wholesale 5-8mm natural green aventurine chip beads\" width=\"1000\" height=\"1000\" srcset=\"https:\/\/hiphoongems.com\/wp-content\/uploads\/2025\/12\/IMG_0056.jpg 1000w, https:\/\/hiphoongems.com\/wp-content\/uploads\/2025\/12\/IMG_0056-500x500.jpg 500w, https:\/\/hiphoongems.com\/wp-content\/uploads\/2025\/12\/IMG_0056-300x300.jpg 300w, https:\/\/hiphoongems.com\/wp-content\/uploads\/2025\/12\/IMG_0056-768x768.jpg 768w, https:\/\/hiphoongems.com\/wp-content\/uploads\/2025\/12\/IMG_0056-12x12.jpg 12w, https:\/\/hiphoongems.com\/wp-content\/uploads\/2025\/12\/IMG_0056-150x150.jpg 150w, https:\/\/hiphoongems.com\/wp-content\/uploads\/2025\/12\/IMG_0056-75x75.jpg 75w, https:\/\/hiphoongems.com\/wp-content\/uploads\/2025\/12\/IMG_0056-480x480.jpg 480w, https:\/\/hiphoongems.com\/wp-content\/uploads\/2025\/12\/IMG_0056-800x800.jpg 800w\" sizes=\"auto, (max-width:767px) 480px, (max-width:1000px) 100vw, 1000px\" \/><\/p>\n<p dir=\"auto\">Vous aimerez peut-\u00eatre aussi<\/p>\n<p dir=\"auto\"><a href=\"https:\/\/hiphoongems.com\/fr\/categorie-produit\/gemstone-chip-beads\/\">Perles authentiques en pierres pr\u00e9cieuses pour la cr\u00e9ation de bijoux<\/a><\/p>\n<p dir=\"auto\"><a href=\"https:\/\/hiphoongems.com\/fr\/product\/lemon-jade-chip-beads\/\">V\u00e9ritables perles de jade citron \u2013 Collier de perles en pierre jaune-vert<\/a><\/p>\n<p dir=\"auto\"><a href=\"https:\/\/hiphoon.en.made-in-china.com\/product-group\/CqmTfXEOhHRB\/Stone-Chip-Beads-catalog-1.html?pv_id=1jfe5aod71e1&amp;faw_id=1jfe5apgka28&amp;bv_id=1jfe5apgn2f5&amp;pbv_id=1jfe5anuu7b9k\">Perles de pierres pr\u00e9cieuses v\u00e9ritables en gros, fabriqu\u00e9es en Chine<\/a><\/p>\n<p dir=\"auto\"><a href=\"https:\/\/www.facebook.com\/HiphoonGems\">Hiphoon Gems sur Facebook<\/a><\/p>","protected":false},"excerpt":{"rendered":"<p data-start=\"39\" data-end=\"674\"><span style=\"color: #000000;\"><strong data-start=\"39\" data-end=\"77\">Collier de perles d&#039;aventurine verte<\/strong> (5-8 mm) pr\u00e9sente des caract\u00e9ristiques naturelles <strong data-start=\"103\" data-end=\"126\">perles de pierres pr\u00e9cieuses<\/strong> parfait pour <strong data-start=\"139\" data-end=\"154\">Bijoux \u00e0 faire soi-m\u00eame<\/strong> projets. Ces <strong data-start=\"171\" data-end=\"207\">perles de pierres pr\u00e9cieuses naturelles en gros<\/strong> Elles se pr\u00e9sentent sous des formes irr\u00e9guli\u00e8res, ce qui rend chaque perle unique. Id\u00e9ales pour les bracelets, les colliers et les boucles d&#039;oreilles, elles ajoutent texture et attrait visuel. Avec une g\u00e9n\u00e9reuse <strong data-start=\"357\" data-end=\"372\" data-is-only-node=\"\">brin de 80 cm<\/strong>, ces <strong data-start=\"380\" data-end=\"403\">perles de pierres pr\u00e9cieuses<\/strong> Ces perles offrent une grande flexibilit\u00e9 pour la cr\u00e9ation de bijoux. Leur polissage lisse rehausse leur \u00e9clat, tandis que leur couleur verte apporte \u00e9l\u00e9gance et profondeur \u00e0 toutes vos cr\u00e9ations. Parfaites pour les professionnels comme pour les amateurs, elles conf\u00e8rent chaleur et raffinement \u00e0 vos bijoux faits main.<\/span><\/p>","protected":false},"featured_media":571,"template":"","meta":[],"product_brand":[],"product_cat":[14],"product_tag":[],"class_list":{"0":"post-567","1":"product","2":"type-product","3":"status-publish","4":"has-post-thumbnail","6":"product_cat-gemstone-chip-beads","8":"first","9":"instock","10":"shipping-taxable","11":"product-type-external"},"yoast_head":"<!-- This site is optimized with the Yoast SEO Premium plugin v26.2 (Yoast SEO v26.6) - https:\/\/yoast.com\/wordpress\/plugins\/seo\/ -->\n<title>Green Aventurine Chip Beads \u2013 Natural Gemstone Beads Wholesale<\/title>\n<meta name=\"description\" content=\"Green Aventurine Chip Beads, 5-8mm, perfect for jewelry making. Gemstone Beads Wholesale pricing, ideal for DIY projects, and custom orders available.\" \/>\n<meta name=\"robots\" content=\"index, follow, max-snippet:-1, max-image-preview:large, max-video-preview:-1\" \/>\n<link rel=\"canonical\" href=\"https:\/\/hiphoongems.com\/fr\/product\/gemstone-chip-beads\/green-aventurine-chip-beads\/\" \/>\n<meta property=\"og:locale\" content=\"fr_FR\" \/>\n<meta property=\"og:type\" content=\"article\" \/>\n<meta property=\"og:title\" content=\"Wholesale Natural Amethyst Chip Beads \u2013 Hiphoon Gems\" \/>\n<meta property=\"og:description\" content=\"Natural Amethyst Chip Beads for DIY jewelry and wholesale orders. High-quality gemtone chip beads with flexible customization, competitive pricing, and fast shipping worldwide.\" \/>\n<meta property=\"og:url\" content=\"https:\/\/hiphoongems.com\/fr\/product\/gemstone-chip-beads\/green-aventurine-chip-beads\/\" \/>\n<meta property=\"og:site_name\" content=\"Hiphoon Gems Co.,Ltd\" \/>\n<meta property=\"article:publisher\" content=\"https:\/\/www.facebook.com\/pages\/?category=your_pages&amp;ref=bookmarks\" \/>\n<meta property=\"article:modified_time\" content=\"2026-01-20T17:23:58+00:00\" \/>\n<meta property=\"og:image\" content=\"https:\/\/hiphoongems.com\/wp-content\/uploads\/2025\/12\/IMG_5255.jpg\" \/>\n\t<meta property=\"og:image:width\" content=\"1000\" \/>\n\t<meta property=\"og:image:height\" content=\"1000\" \/>\n\t<meta property=\"og:image:type\" content=\"image\/jpeg\" \/>\n<meta name=\"twitter:card\" content=\"summary_large_image\" \/>\n<meta name=\"twitter:label1\" content=\"Dur\u00e9e de lecture estim\u00e9e\" \/>\n\t<meta name=\"twitter:data1\" content=\"4 minutes\" \/>\n<script type=\"application\/ld+json\" class=\"yoast-schema-graph\">{\"@context\":\"https:\/\/schema.org\",\"@graph\":[{\"@type\":\"WebPage\",\"@id\":\"https:\/\/hiphoongems.com\/product\/gemstone-chip-beads\/green-aventurine-chip-beads\/\",\"url\":\"https:\/\/hiphoongems.com\/product\/gemstone-chip-beads\/green-aventurine-chip-beads\/\",\"name\":\"Green Aventurine Chip Beads \u2013 Natural Gemstone Beads Wholesale\",\"isPartOf\":{\"@id\":\"https:\/\/hiphoongems.com\/#website\"},\"primaryImageOfPage\":{\"@id\":\"https:\/\/hiphoongems.com\/product\/gemstone-chip-beads\/green-aventurine-chip-beads\/#primaryimage\"},\"image\":{\"@id\":\"https:\/\/hiphoongems.com\/product\/gemstone-chip-beads\/green-aventurine-chip-beads\/#primaryimage\"},\"thumbnailUrl\":\"https:\/\/hiphoongems.com\/wp-content\/uploads\/2025\/12\/IMG_5255.jpg\",\"datePublished\":\"2025-12-26T04:54:32+00:00\",\"dateModified\":\"2026-01-20T17:23:58+00:00\",\"description\":\"Green Aventurine Chip Beads, 5-8mm, perfect for jewelry making. Gemstone Beads Wholesale pricing, ideal for DIY projects, and custom orders available.\",\"breadcrumb\":{\"@id\":\"https:\/\/hiphoongems.com\/product\/gemstone-chip-beads\/green-aventurine-chip-beads\/#breadcrumb\"},\"inLanguage\":\"fr-FR\",\"potentialAction\":[{\"@type\":\"ReadAction\",\"target\":[\"https:\/\/hiphoongems.com\/product\/gemstone-chip-beads\/green-aventurine-chip-beads\/\"]}]},{\"@type\":\"ImageObject\",\"inLanguage\":\"fr-FR\",\"@id\":\"https:\/\/hiphoongems.com\/product\/gemstone-chip-beads\/green-aventurine-chip-beads\/#primaryimage\",\"url\":\"https:\/\/hiphoongems.com\/wp-content\/uploads\/2025\/12\/IMG_5255.jpg\",\"contentUrl\":\"https:\/\/hiphoongems.com\/wp-content\/uploads\/2025\/12\/IMG_5255.jpg\",\"width\":1000,\"height\":1000,\"caption\":\"green aventurine chip beads\"},{\"@type\":\"BreadcrumbList\",\"@id\":\"https:\/\/hiphoongems.com\/product\/gemstone-chip-beads\/green-aventurine-chip-beads\/#breadcrumb\",\"itemListElement\":[{\"@type\":\"ListItem\",\"position\":1,\"name\":\"Home\",\"item\":\"https:\/\/hiphoongems.com\/\"},{\"@type\":\"ListItem\",\"position\":2,\"name\":\"Product\",\"item\":\"https:\/\/hiphoongems.com\/product\/\"},{\"@type\":\"ListItem\",\"position\":3,\"name\":\"Natural Green Aventurine Chip Beads \u2013 5-8mm Gemstone Beads Wholesale\"}]},{\"@type\":\"WebSite\",\"@id\":\"https:\/\/hiphoongems.com\/#website\",\"url\":\"https:\/\/hiphoongems.com\/\",\"name\":\"Hiphoon Gems Co.,Ltd\",\"description\":\"Hiphoon Gems Co.,Ltd\",\"publisher\":{\"@id\":\"https:\/\/hiphoongems.com\/#organization\"},\"potentialAction\":[{\"@type\":\"SearchAction\",\"target\":{\"@type\":\"EntryPoint\",\"urlTemplate\":\"https:\/\/hiphoongems.com\/?s={search_term_string}\"},\"query-input\":{\"@type\":\"PropertyValueSpecification\",\"valueRequired\":true,\"valueName\":\"search_term_string\"}}],\"inLanguage\":\"fr-FR\"},{\"@type\":\"Organization\",\"@id\":\"https:\/\/hiphoongems.com\/#organization\",\"name\":\"Hiphoon Gems Co.,Ltd\",\"url\":\"https:\/\/hiphoongems.com\/\",\"logo\":{\"@type\":\"ImageObject\",\"inLanguage\":\"fr-FR\",\"@id\":\"https:\/\/hiphoongems.com\/#\/schema\/logo\/image\/\",\"url\":\"https:\/\/hiphoongems.com\/wp-content\/uploads\/2025\/12\/logo1313.webp\",\"contentUrl\":\"https:\/\/hiphoongems.com\/wp-content\/uploads\/2025\/12\/logo1313.webp\",\"width\":357,\"height\":229,\"caption\":\"Hiphoon Gems Co.,Ltd\"},\"image\":{\"@id\":\"https:\/\/hiphoongems.com\/#\/schema\/logo\/image\/\"},\"sameAs\":[\"https:\/\/www.facebook.com\/pages\/?category=your_pages&ref=bookmarks\"]}]}<\/script>\n<!-- \/ Yoast SEO Premium plugin. -->","yoast_head_json":{"title":"Green Aventurine Chip Beads \u2013 Natural Gemstone Beads Wholesale","description":"Green Aventurine Chip Beads, 5-8mm, perfect for jewelry making. Gemstone Beads Wholesale pricing, ideal for DIY projects, and custom orders available.","robots":{"index":"index","follow":"follow","max-snippet":"max-snippet:-1","max-image-preview":"max-image-preview:large","max-video-preview":"max-video-preview:-1"},"canonical":"https:\/\/hiphoongems.com\/fr\/product\/gemstone-chip-beads\/green-aventurine-chip-beads\/","og_locale":"fr_FR","og_type":"article","og_title":"Wholesale Natural Amethyst Chip Beads \u2013 Hiphoon Gems","og_description":"Natural Amethyst Chip Beads for DIY jewelry and wholesale orders. High-quality gemtone chip beads with flexible customization, competitive pricing, and fast shipping worldwide.","og_url":"https:\/\/hiphoongems.com\/fr\/product\/gemstone-chip-beads\/green-aventurine-chip-beads\/","og_site_name":"Hiphoon Gems Co.,Ltd","article_publisher":"https:\/\/www.facebook.com\/pages\/?category=your_pages&ref=bookmarks","article_modified_time":"2026-01-20T17:23:58+00:00","og_image":[{"width":1000,"height":1000,"url":"https:\/\/hiphoongems.com\/wp-content\/uploads\/2025\/12\/IMG_5255.jpg","type":"image\/jpeg"}],"twitter_card":"summary_large_image","twitter_misc":{"Dur\u00e9e de lecture estim\u00e9e":"4 minutes"},"schema":{"@context":"https:\/\/schema.org","@graph":[{"@type":"WebPage","@id":"https:\/\/hiphoongems.com\/product\/gemstone-chip-beads\/green-aventurine-chip-beads\/","url":"https:\/\/hiphoongems.com\/product\/gemstone-chip-beads\/green-aventurine-chip-beads\/","name":"Green Aventurine Chip Beads \u2013 Natural Gemstone Beads Wholesale","isPartOf":{"@id":"https:\/\/hiphoongems.com\/#website"},"primaryImageOfPage":{"@id":"https:\/\/hiphoongems.com\/product\/gemstone-chip-beads\/green-aventurine-chip-beads\/#primaryimage"},"image":{"@id":"https:\/\/hiphoongems.com\/product\/gemstone-chip-beads\/green-aventurine-chip-beads\/#primaryimage"},"thumbnailUrl":"https:\/\/hiphoongems.com\/wp-content\/uploads\/2025\/12\/IMG_5255.jpg","datePublished":"2025-12-26T04:54:32+00:00","dateModified":"2026-01-20T17:23:58+00:00","description":"Green Aventurine Chip Beads, 5-8mm, perfect for jewelry making. Gemstone Beads Wholesale pricing, ideal for DIY projects, and custom orders available.","breadcrumb":{"@id":"https:\/\/hiphoongems.com\/product\/gemstone-chip-beads\/green-aventurine-chip-beads\/#breadcrumb"},"inLanguage":"fr-FR","potentialAction":[{"@type":"ReadAction","target":["https:\/\/hiphoongems.com\/product\/gemstone-chip-beads\/green-aventurine-chip-beads\/"]}]},{"@type":"ImageObject","inLanguage":"fr-FR","@id":"https:\/\/hiphoongems.com\/product\/gemstone-chip-beads\/green-aventurine-chip-beads\/#primaryimage","url":"https:\/\/hiphoongems.com\/wp-content\/uploads\/2025\/12\/IMG_5255.jpg","contentUrl":"https:\/\/hiphoongems.com\/wp-content\/uploads\/2025\/12\/IMG_5255.jpg","width":1000,"height":1000,"caption":"green aventurine chip beads"},{"@type":"BreadcrumbList","@id":"https:\/\/hiphoongems.com\/product\/gemstone-chip-beads\/green-aventurine-chip-beads\/#breadcrumb","itemListElement":[{"@type":"ListItem","position":1,"name":"Home","item":"https:\/\/hiphoongems.com\/"},{"@type":"ListItem","position":2,"name":"Product","item":"https:\/\/hiphoongems.com\/product\/"},{"@type":"ListItem","position":3,"name":"Natural Green Aventurine Chip Beads \u2013 5-8mm Gemstone Beads Wholesale"}]},{"@type":"WebSite","@id":"https:\/\/hiphoongems.com\/#website","url":"https:\/\/hiphoongems.com\/","name":"Hiphoon Gems Co.,Ltd","description":"Hiphoon Gems Co.,Ltd","publisher":{"@id":"https:\/\/hiphoongems.com\/#organization"},"potentialAction":[{"@type":"SearchAction","target":{"@type":"EntryPoint","urlTemplate":"https:\/\/hiphoongems.com\/?s={search_term_string}"},"query-input":{"@type":"PropertyValueSpecification","valueRequired":true,"valueName":"search_term_string"}}],"inLanguage":"fr-FR"},{"@type":"Organization","@id":"https:\/\/hiphoongems.com\/#organization","name":"Hiphoon Gems Co.,Ltd","url":"https:\/\/hiphoongems.com\/","logo":{"@type":"ImageObject","inLanguage":"fr-FR","@id":"https:\/\/hiphoongems.com\/#\/schema\/logo\/image\/","url":"https:\/\/hiphoongems.com\/wp-content\/uploads\/2025\/12\/logo1313.webp","contentUrl":"https:\/\/hiphoongems.com\/wp-content\/uploads\/2025\/12\/logo1313.webp","width":357,"height":229,"caption":"Hiphoon Gems Co.,Ltd"},"image":{"@id":"https:\/\/hiphoongems.com\/#\/schema\/logo\/image\/"},"sameAs":["https:\/\/www.facebook.com\/pages\/?category=your_pages&ref=bookmarks"]}]}},"_links":{"self":[{"href":"https:\/\/hiphoongems.com\/fr\/wp-json\/wp\/v2\/product\/567","targetHints":{"allow":["GET"]}}],"collection":[{"href":"https:\/\/hiphoongems.com\/fr\/wp-json\/wp\/v2\/product"}],"about":[{"href":"https:\/\/hiphoongems.com\/fr\/wp-json\/wp\/v2\/types\/product"}],"wp:featuredmedia":[{"embeddable":true,"href":"https:\/\/hiphoongems.com\/fr\/wp-json\/wp\/v2\/media\/571"}],"wp:attachment":[{"href":"https:\/\/hiphoongems.com\/fr\/wp-json\/wp\/v2\/media?parent=567"}],"wp:term":[{"taxonomy":"product_brand","embeddable":true,"href":"https:\/\/hiphoongems.com\/fr\/wp-json\/wp\/v2\/product_brand?post=567"},{"taxonomy":"product_cat","embeddable":true,"href":"https:\/\/hiphoongems.com\/fr\/wp-json\/wp\/v2\/product_cat?post=567"},{"taxonomy":"product_tag","embeddable":true,"href":"https:\/\/hiphoongems.com\/fr\/wp-json\/wp\/v2\/product_tag?post=567"}],"curies":[{"name":"wp","href":"https:\/\/api.w.org\/{rel}","templated":true}]}}