{"id":996,"date":"2026-01-06T09:36:32","date_gmt":"2026-01-06T09:36:32","guid":{"rendered":"https:\/\/hiphoongems.com\/?post_type=product&#038;p=996"},"modified":"2026-01-24T06:02:07","modified_gmt":"2026-01-24T06:02:07","slug":"natural-amazonite-chip-beads","status":"publish","type":"product","link":"https:\/\/hiphoongems.com\/fr\/produit\/gemstone-chip-beads\/natural-amazonite-chip-beads\/","title":{"rendered":"Perles d&#039;amazonite naturelle en copeaux \u2013 Perles de pierres pr\u00e9cieuses irr\u00e9guli\u00e8res en forme de galets."},"content":{"rendered":"<h3 dir=\"auto\"><span style=\"color: #000000;\"><strong>Perles d&#039;amazonite naturelle en copeaux \u2013 P\u00e9pites irr\u00e9guli\u00e8res perc\u00e9es de 5 \u00e0 8 mm pour la cr\u00e9ation de bijoux<\/strong><\/span><\/h3>\n<p dir=\"auto\"><span style=\"color: #000000;\">D\u00e9couvrez l&#039;\u00e9l\u00e9gance sereine et aquatique de notre <strong>Perles de copeaux d&#039;amazonite naturelle<\/strong>, s\u00e9lectionn\u00e9es \u00e0 la main parmi de v\u00e9ritables pierres brutes d&#039;amazonite. De plus, ces <strong>Perles en p\u00e9pites d&#039;amazonite<\/strong> Arborant des teintes bleu-vert caract\u00e9ristiques et de d\u00e9licates veinures blanches, ces perles \u00e9voquent la s\u00e9r\u00e9nit\u00e9 de l&#039;oc\u00e9an. Elles s&#039;accordent ainsi aussi bien avec des cr\u00e9ations minimalistes modernes qu&#039;avec un style boh\u00e8me d\u00e9contract\u00e9. De plus, chaque perle, naturelle et brute, pr\u00e9sente une surface polie et roul\u00e9e d&#039;une douceur luxueuse. Les cr\u00e9ateurs qui privil\u00e9gient les textures organiques \u00e0 une uniformit\u00e9 parfaite appr\u00e9cient particuli\u00e8rement ces d\u00e9tails authentiques.<\/span><\/p>\n<h4 dir=\"auto\"><span style=\"color: #000000;\"><strong>Sp\u00e9cifications pratiques pour une utilisation polyvalente<\/strong> <\/span><\/h4>\n<p dir=\"auto\"><span style=\"color: #000000;\">Mesurant une \u00e9paisseur polyvalente de 5 \u00e0 8 mm, ces <strong>Perles de copeaux d&#039;amazonite naturelle<\/strong> Ces perles atteignent la taille id\u00e9ale pour d&#039;innombrables projets de perlage. De plus, chaque fil mesure environ 80 cm (environ 31,5 pouces) de long et comporte environ 200 \u00e0 230 perles individuelles, pour un poids moyen d&#039;environ 65 grammes. Cependant, veuillez noter que la densit\u00e9 des pierres pr\u00e9cieuses naturelles varie l\u00e9g\u00e8rement d&#039;un lot \u00e0 l&#039;autre, le poids peut donc diff\u00e9rer de quelques grammes, mais la qualit\u00e9 reste toujours excellente. Par ailleurs, les trous perc\u00e9s au centre avec pr\u00e9cision (g\u00e9n\u00e9ralement 1 mm) facilitent l&#039;enfilage sur du fil, du cordon, de l&#039;\u00e9lastique ou du cuir. <strong>Perles de galets d&#039;amazonite<\/strong> Elles sont rapidement devenues les favorites des cr\u00e9ateurs de bijoux faits maison, des grossistes et des artisans travaillant en petites s\u00e9ries.<\/span><\/p>\n<h4 dir=\"auto\"><img loading=\"lazy\" decoding=\"async\" class=\"aligncenter size-full wp-image-997\" src=\"https:\/\/hiphoongems.com\/wp-content\/uploads\/2026\/01\/IMG_62850.jpg\" alt=\"Beautiful Natural Amazonite Chip Beads in serene blue-green. Genuine Amazonite Nugget Beads, Amazonite Pebble Beads, Amazonite Gemstone Chips\u2014tumbled, drilled, ideal for DIY jewelry.\" width=\"1000\" height=\"435\" srcset=\"https:\/\/hiphoongems.com\/wp-content\/uploads\/2026\/01\/IMG_62850.jpg 1000w, https:\/\/hiphoongems.com\/wp-content\/uploads\/2026\/01\/IMG_62850-500x218.jpg 500w, https:\/\/hiphoongems.com\/wp-content\/uploads\/2026\/01\/IMG_62850-300x131.jpg 300w, https:\/\/hiphoongems.com\/wp-content\/uploads\/2026\/01\/IMG_62850-768x334.jpg 768w, https:\/\/hiphoongems.com\/wp-content\/uploads\/2026\/01\/IMG_62850-18x8.jpg 18w, https:\/\/hiphoongems.com\/wp-content\/uploads\/2026\/01\/IMG_62850-150x65.jpg 150w, https:\/\/hiphoongems.com\/wp-content\/uploads\/2026\/01\/IMG_62850-480x209.jpg 480w, https:\/\/hiphoongems.com\/wp-content\/uploads\/2026\/01\/IMG_62850-800x348.jpg 800w\" sizes=\"auto, (max-width:767px) 480px, (max-width:1000px) 100vw, 1000px\" \/><\/h4>\n<h4 dir=\"auto\"><span style=\"color: #000000;\"><strong>Propri\u00e9t\u00e9s th\u00e9rapeutiques et attrait du design<\/strong> <\/span><\/h4>\n<p dir=\"auto\"><span style=\"color: #000000;\">Ce qui distingue v\u00e9ritablement notre <strong>\u00c9clats de pierre pr\u00e9cieuse amazonite<\/strong> Leur composition 100% est authentique et non trait\u00e9e \u2013 sans colorants ni produits synth\u00e9tiques. Depuis des si\u00e8cles, l&#039;amazonite est pris\u00e9e pour ses vertus apaisantes. <strong>gu\u00e9rison<\/strong> propri\u00e9t\u00e9s\u00a0; beaucoup pensent qu\u2019elle favorise l\u2019\u00e9quilibre \u00e9motionnel, apaise l\u2019esprit et encourage une communication claire. Que vous cr\u00e9iez des bracelets de chakras, des colliers superpos\u00e9s, des bracelets de cheville d\u00e9licats ou des malas de m\u00e9ditation, ces <strong>Perles de copeaux d&#039;amazonite naturelle<\/strong> Insufflez \u00e0 vos cr\u00e9ations une \u00e9nergie paisible et un charme naturel intemporel. De plus, la forme irr\u00e9guli\u00e8re des galets apporte mouvement et texture \u00e0 votre int\u00e9rieur boh\u00e8me, tandis que la finition polie capte magnifiquement la lumi\u00e8re sans masquer les d\u00e9tails les plus fins.<\/span><\/p>\n<h4 dir=\"auto\"><span style=\"color: #000000;\"><strong>Points forts de l&#039;usine et disponibilit\u00e9 des stocks<\/strong> <\/span><\/h4>\n<p dir=\"auto\"><span style=\"color: #000000;\">Dans notre \u00e9tablissement, nous sommes fiers de proposer plus de 100 vari\u00e9t\u00e9s de perles irr\u00e9guli\u00e8res en pierres semi-pr\u00e9cieuses. En fait, la plupart des options les plus populaires, y compris ces perles tr\u00e8s recherch\u00e9es, sont disponibles dans notre gamme. <strong>Perles en p\u00e9pites d&#039;amazonite<\/strong> et <strong>Perles de galets d&#039;amazonite<\/strong>Nous disposons d&#039;un stock important pour une exp\u00e9dition rapide. Nous s\u00e9lectionnons personnellement des mati\u00e8res premi\u00e8res de premi\u00e8re qualit\u00e9, puis nous polissons soigneusement chaque pi\u00e8ce pour obtenir ce toucher soyeux si caract\u00e9ristique. Ainsi, nos cycles de production courts nous permettent de proposer des prix de gros comp\u00e9titifs sans jamais compromettre la qualit\u00e9 de fabrication.<\/span><\/p>\n<h4 dir=\"auto\"><img loading=\"lazy\" decoding=\"async\" class=\"aligncenter size-full wp-image-999\" src=\"https:\/\/hiphoongems.com\/wp-content\/uploads\/2026\/01\/IMG_0068.jpg\" alt=\"Natural Amazonite chip beads, 32\u201d strand, featuring irregular pebble nuggets, perfect for personalized DIY jewelry designs\" width=\"1000\" height=\"1000\" srcset=\"https:\/\/hiphoongems.com\/wp-content\/uploads\/2026\/01\/IMG_0068.jpg 1000w, https:\/\/hiphoongems.com\/wp-content\/uploads\/2026\/01\/IMG_0068-500x500.jpg 500w, https:\/\/hiphoongems.com\/wp-content\/uploads\/2026\/01\/IMG_0068-300x300.jpg 300w, https:\/\/hiphoongems.com\/wp-content\/uploads\/2026\/01\/IMG_0068-768x768.jpg 768w, https:\/\/hiphoongems.com\/wp-content\/uploads\/2026\/01\/IMG_0068-12x12.jpg 12w, https:\/\/hiphoongems.com\/wp-content\/uploads\/2026\/01\/IMG_0068-150x150.jpg 150w, https:\/\/hiphoongems.com\/wp-content\/uploads\/2026\/01\/IMG_0068-75x75.jpg 75w, https:\/\/hiphoongems.com\/wp-content\/uploads\/2026\/01\/IMG_0068-480x480.jpg 480w, https:\/\/hiphoongems.com\/wp-content\/uploads\/2026\/01\/IMG_0068-800x800.jpg 800w\" sizes=\"auto, (max-width:767px) 480px, (max-width:1000px) 100vw, 1000px\" \/><\/h4>\n<h4 dir=\"auto\"><span style=\"color: #000000;\"><strong>Livraison rapide, personnalisation et assistance<\/strong> <\/span><\/h4>\n<p dir=\"auto\"><span style=\"color: #000000;\">Pour la plupart des commandes, nous exp\u00e9dions sous 3 jours ouvr\u00e9s depuis notre centre de distribution situ\u00e9 pr\u00e8s de Seattle. Toutefois, en cas de rupture de stock d&#039;une pierre pr\u00e9cieuse ou pour toute commande importante, nous nous approvisionnons rapidement en mati\u00e8res premi\u00e8res de haute qualit\u00e9 et traitons les commandes personnalis\u00e9es en seulement 7 \u00e0 14 jours. De plus, nous proposons des tailles variables (par exemple, des \u00e9clats de 3 \u00e0 5 mm ou de 9 \u00e0 12 mm) pour de nombreuses vari\u00e9t\u00e9s. La longueur des rangs est \u00e9galement enti\u00e8rement ajustable\u00a0: raccourcissez-les pour des boucles d&#039;oreilles, allongez-les pour un effet spectaculaire ou optez pour des boucles continues. Il vous suffit de nous faire part de vos besoins, et nous nous occupons du reste.<\/span><\/p>\n<p dir=\"auto\"><span style=\"color: #000000;\">Que vous soyez propri\u00e9taire d&#039;une marque de bijoux, vendeur sur Etsy, fournisseur de produits artisanaux ou grossiste sp\u00e9cialis\u00e9 \u00e0 la recherche d&#039;un fournisseur fiable <strong>\u00c9clats de pierre pr\u00e9cieuse amazonite<\/strong> pour les lignes continues, notre <strong>Perles de copeaux d&#039;amazonite naturelle<\/strong> Nous offrons une qualit\u00e9 professionnelle constante \u00e0 des prix abordables. Appr\u00e9ciez les variations naturelles\u00a0: les subtiles nuances de couleur et les inclusions ne font qu\u2019accentuer le charme authentique de la pierre.<\/span><\/p>\n<p dir=\"auto\"><span style=\"color: #000000;\"><strong>Pr\u00eat \u00e0 devenir partenaire ?<\/strong> Envie de faire le plein ou d&#039;explorer les possibilit\u00e9s de personnalisation\u00a0? Contactez-nous d\u00e8s aujourd&#039;hui pour conna\u00eetre nos tarifs d\u00e9gressifs, demander des \u00e9chantillons ou d\u00e9couvrir nos options de personnalisation. Nous nous engageons \u00e0 concr\u00e9tiser votre vision gr\u00e2ce \u00e0 une qualit\u00e9 irr\u00e9prochable, une livraison rapide et la vari\u00e9t\u00e9 dont vous avez besoin pour r\u00e9ussir.<\/span><\/p>\n<h4 dir=\"auto\"><span style=\"color: #000000;\"><strong>Foire aux questions (FAQ)<\/strong><\/span><\/h4>\n<ul dir=\"auto\">\n<li><span style=\"color: #000000;\"><strong>Ces perles sont-elles naturelles ou trait\u00e9es ?<\/strong> <\/span><\/li>\n<li><span style=\"color: #000000;\">100% Amazonite naturelle \u2014 sans traitements, sans produits synth\u00e9tiques ni imitations de verre.<\/span><\/li>\n<li><span style=\"color: #000000;\"><strong>Quelle est la longueur typique du brin et le nombre de perles ?<\/strong> <\/span><\/li>\n<li><span style=\"color: #000000;\">Environ 80 cm de long avec 200 \u00e0 230 perles (taille 5-8 mm).<\/span><\/li>\n<li><span style=\"color: #000000;\"><strong>Puis-je commander des tailles ou des longueurs personnalis\u00e9es\u00a0?<\/strong> <\/span><\/li>\n<li><span style=\"color: #000000;\">Oui ! Nous proposons des longueurs de brins de 3 \u00e0 5 mm, de 9 \u00e0 12 mm et enti\u00e8rement r\u00e9glables sur demande.<\/span><\/li>\n<li><span style=\"color: #000000;\"><strong>Quel est votre d\u00e9lai de livraison ?<\/strong> <\/span><\/li>\n<li><span style=\"color: #000000;\">La plupart des commandes en stock sont exp\u00e9di\u00e9es sous 3 jours ; les commandes personnalis\u00e9es ou importantes sous 7 \u00e0 14 jours.<\/span><\/li>\n<li><span style=\"color: #000000;\"><strong>Proposez-vous des remises pour les achats en gros\u00a0?<\/strong> <\/span><\/li>\n<li><span style=\"color: #000000;\">Absolument \u2013 n&#039;h\u00e9sitez pas \u00e0 nous contacter pour b\u00e9n\u00e9ficier de tarifs d\u00e9gressifs en fonction des quantit\u00e9s command\u00e9es.<\/span><\/li>\n<\/ul>\n<p><iframe loading=\"lazy\" title=\"Fabricant de perles de pierres pr\u00e9cieuses #gemstone #stonebeads\" width=\"563\" height=\"1000\" src=\"https:\/\/www.youtube.com\/embed\/UsVQIEY8ljk?feature=oembed\" frameborder=\"0\" allow=\"accelerometer; autoplay; clipboard-write; encrypted-media; gyroscope; picture-in-picture; web-share\" referrerpolicy=\"strict-origin-when-cross-origin\" allowfullscreen><\/iframe><\/p>\n<p dir=\"auto\"><a href=\"https:\/\/hiphoongems.com\/fr\/product\/rhodochrosite-chip-beads\/\">V\u00e9ritables perles de rhodochrosite \u00e0 veines noires<\/a><\/p>\n<p dir=\"auto\"><a href=\"https:\/\/hiphoongems.com\/fr\/product\/shell-nuggets\/\">Perles en copeaux de coquillages teints \u00e0 l&#039;arc-en-ciel<\/a><\/p>\n<p dir=\"auto\"><a href=\"https:\/\/en.wikipedia.org\/wiki\/Bead#Natural_materials\">Introduction des compos\u00e9s inorganiques naturels (d&#039;apr\u00e8s Wikip\u00e9dia)<\/a><\/p>\n<p dir=\"auto\"><a href=\"https:\/\/www.instagram.com\/hiphoongems\">Retrouvez-nous sur Instagram<\/a><\/p>","protected":false},"excerpt":{"rendered":"<p dir=\"auto\"><span style=\"color: #000000;\">Cr\u00e9ez des bijoux apaisants avec des perles d&#039;amazonite naturelle en \u00e9clats, de 5 \u00e0 8 mm, polies pour une finition soyeuse. Leurs formes irr\u00e9guli\u00e8res et roul\u00e9es offrent une sensation authentique au toucher. Les cr\u00e9ateurs les associent souvent \u00e0 des perles d&#039;amazonite en p\u00e9pites pour un rendu naturel et fluide. Pour une texture suppl\u00e9mentaire, les perles d&#039;amazonite en galets sont parfaites pour les bracelets de cheville ou les pi\u00e8ces fortes. Les v\u00e9ritables \u00e9clats de pierre d&#039;amazonite offrent cette teinte bleu-vert classique avec de d\u00e9licats motifs blancs. Les rangs mesurent environ 80 cm et contiennent environ 200 \u00e0 230 perles (poids approximatif\u00a0: 65\u00a0g). R\u00e9put\u00e9es pour favoriser la gu\u00e9rison et l&#039;harmonie, ces pierres non trait\u00e9es conviennent au travail sur les chakras, aux malas ou aux accessoires du quotidien, pour les amateurs comme pour les professionnels.<\/span><\/p>","protected":false},"featured_media":1001,"template":"","meta":[],"product_brand":[],"product_cat":[14],"product_tag":[],"class_list":{"0":"post-996","1":"product","2":"type-product","3":"status-publish","4":"has-post-thumbnail","6":"product_cat-gemstone-chip-beads","8":"first","9":"instock","10":"shipping-taxable","11":"product-type-external"},"yoast_head":"<!-- This site is optimized with the Yoast SEO Premium plugin v26.2 (Yoast SEO v26.6) - https:\/\/yoast.com\/wordpress\/plugins\/seo\/ -->\n<title>Natural Amazonite Chip Beads for Bracelet Necklace Making<\/title>\n<meta name=\"description\" content=\"Discover natural amazonite chip beads \u2013 irregular 5-8mm blue-green gemstone chips on a full loose strand. Perfect for healing crystal jewelry making.\" \/>\n<meta name=\"robots\" content=\"index, follow, max-snippet:-1, max-image-preview:large, max-video-preview:-1\" \/>\n<link rel=\"canonical\" href=\"https:\/\/hiphoongems.com\/fr\/product\/gemstone-chip-beads\/natural-amazonite-chip-beads\/\" \/>\n<meta property=\"og:locale\" content=\"fr_FR\" \/>\n<meta property=\"og:type\" content=\"article\" \/>\n<meta property=\"og:title\" content=\"Wholesale Natural Amethyst Chip Beads \u2013 Hiphoon Gems\" \/>\n<meta property=\"og:description\" content=\"Natural Amethyst Chip Beads for DIY jewelry and wholesale orders. High-quality gemtone chip beads with flexible customization, competitive pricing, and fast shipping worldwide.\" \/>\n<meta property=\"og:url\" content=\"https:\/\/hiphoongems.com\/fr\/product\/gemstone-chip-beads\/natural-amazonite-chip-beads\/\" \/>\n<meta property=\"og:site_name\" content=\"Hiphoon Gems Co.,Ltd\" \/>\n<meta property=\"article:publisher\" content=\"https:\/\/www.facebook.com\/pages\/?category=your_pages&amp;ref=bookmarks\" \/>\n<meta property=\"article:modified_time\" content=\"2026-01-24T06:02:07+00:00\" \/>\n<meta property=\"og:image\" content=\"https:\/\/hiphoongems.com\/wp-content\/uploads\/2026\/01\/IMG_5367_\u526f\u672c.jpg\" \/>\n\t<meta property=\"og:image:width\" content=\"1000\" \/>\n\t<meta property=\"og:image:height\" content=\"1000\" \/>\n\t<meta property=\"og:image:type\" content=\"image\/jpeg\" \/>\n<meta name=\"twitter:card\" content=\"summary_large_image\" \/>\n<meta name=\"twitter:label1\" content=\"Dur\u00e9e de lecture estim\u00e9e\" \/>\n\t<meta name=\"twitter:data1\" content=\"4 minutes\" \/>\n<script type=\"application\/ld+json\" class=\"yoast-schema-graph\">{\"@context\":\"https:\/\/schema.org\",\"@graph\":[{\"@type\":\"WebPage\",\"@id\":\"https:\/\/hiphoongems.com\/product\/gemstone-chip-beads\/natural-amazonite-chip-beads\/\",\"url\":\"https:\/\/hiphoongems.com\/product\/gemstone-chip-beads\/natural-amazonite-chip-beads\/\",\"name\":\"Natural Amazonite Chip Beads for Bracelet Necklace Making\",\"isPartOf\":{\"@id\":\"https:\/\/hiphoongems.com\/#website\"},\"primaryImageOfPage\":{\"@id\":\"https:\/\/hiphoongems.com\/product\/gemstone-chip-beads\/natural-amazonite-chip-beads\/#primaryimage\"},\"image\":{\"@id\":\"https:\/\/hiphoongems.com\/product\/gemstone-chip-beads\/natural-amazonite-chip-beads\/#primaryimage\"},\"thumbnailUrl\":\"https:\/\/hiphoongems.com\/wp-content\/uploads\/2026\/01\/IMG_5367_\u526f\u672c.jpg\",\"datePublished\":\"2026-01-06T09:36:32+00:00\",\"dateModified\":\"2026-01-24T06:02:07+00:00\",\"description\":\"Discover natural amazonite chip beads \u2013 irregular 5-8mm blue-green gemstone chips on a full loose strand. Perfect for healing crystal jewelry making.\",\"breadcrumb\":{\"@id\":\"https:\/\/hiphoongems.com\/product\/gemstone-chip-beads\/natural-amazonite-chip-beads\/#breadcrumb\"},\"inLanguage\":\"fr-FR\",\"potentialAction\":[{\"@type\":\"ReadAction\",\"target\":[\"https:\/\/hiphoongems.com\/product\/gemstone-chip-beads\/natural-amazonite-chip-beads\/\"]}]},{\"@type\":\"ImageObject\",\"inLanguage\":\"fr-FR\",\"@id\":\"https:\/\/hiphoongems.com\/product\/gemstone-chip-beads\/natural-amazonite-chip-beads\/#primaryimage\",\"url\":\"https:\/\/hiphoongems.com\/wp-content\/uploads\/2026\/01\/IMG_5367_\u526f\u672c.jpg\",\"contentUrl\":\"https:\/\/hiphoongems.com\/wp-content\/uploads\/2026\/01\/IMG_5367_\u526f\u672c.jpg\",\"width\":1000,\"height\":1000,\"caption\":\"Authentic Amazonite chip beads, 32\u201d strand, featuring irregular pebble nugget shapes perfect for DIY jewelry and crafts\"},{\"@type\":\"BreadcrumbList\",\"@id\":\"https:\/\/hiphoongems.com\/product\/gemstone-chip-beads\/natural-amazonite-chip-beads\/#breadcrumb\",\"itemListElement\":[{\"@type\":\"ListItem\",\"position\":1,\"name\":\"Home\",\"item\":\"https:\/\/hiphoongems.com\/\"},{\"@type\":\"ListItem\",\"position\":2,\"name\":\"Product\",\"item\":\"https:\/\/hiphoongems.com\/product\/\"},{\"@type\":\"ListItem\",\"position\":3,\"name\":\"Natural Amazonite Chip Beads &#8211; Irregular Pebble Nugget Gemstone Beads\"}]},{\"@type\":\"WebSite\",\"@id\":\"https:\/\/hiphoongems.com\/#website\",\"url\":\"https:\/\/hiphoongems.com\/\",\"name\":\"Hiphoon Gems Co.,Ltd\",\"description\":\"Hiphoon Gems Co.,Ltd\",\"publisher\":{\"@id\":\"https:\/\/hiphoongems.com\/#organization\"},\"potentialAction\":[{\"@type\":\"SearchAction\",\"target\":{\"@type\":\"EntryPoint\",\"urlTemplate\":\"https:\/\/hiphoongems.com\/?s={search_term_string}\"},\"query-input\":{\"@type\":\"PropertyValueSpecification\",\"valueRequired\":true,\"valueName\":\"search_term_string\"}}],\"inLanguage\":\"fr-FR\"},{\"@type\":\"Organization\",\"@id\":\"https:\/\/hiphoongems.com\/#organization\",\"name\":\"Hiphoon Gems Co.,Ltd\",\"url\":\"https:\/\/hiphoongems.com\/\",\"logo\":{\"@type\":\"ImageObject\",\"inLanguage\":\"fr-FR\",\"@id\":\"https:\/\/hiphoongems.com\/#\/schema\/logo\/image\/\",\"url\":\"https:\/\/hiphoongems.com\/wp-content\/uploads\/2025\/12\/logo1313.webp\",\"contentUrl\":\"https:\/\/hiphoongems.com\/wp-content\/uploads\/2025\/12\/logo1313.webp\",\"width\":357,\"height\":229,\"caption\":\"Hiphoon Gems Co.,Ltd\"},\"image\":{\"@id\":\"https:\/\/hiphoongems.com\/#\/schema\/logo\/image\/\"},\"sameAs\":[\"https:\/\/www.facebook.com\/pages\/?category=your_pages&ref=bookmarks\"]}]}<\/script>\n<!-- \/ Yoast SEO Premium plugin. -->","yoast_head_json":{"title":"Natural Amazonite Chip Beads for Bracelet Necklace Making","description":"Discover natural amazonite chip beads \u2013 irregular 5-8mm blue-green gemstone chips on a full loose strand. Perfect for healing crystal jewelry making.","robots":{"index":"index","follow":"follow","max-snippet":"max-snippet:-1","max-image-preview":"max-image-preview:large","max-video-preview":"max-video-preview:-1"},"canonical":"https:\/\/hiphoongems.com\/fr\/product\/gemstone-chip-beads\/natural-amazonite-chip-beads\/","og_locale":"fr_FR","og_type":"article","og_title":"Wholesale Natural Amethyst Chip Beads \u2013 Hiphoon Gems","og_description":"Natural Amethyst Chip Beads for DIY jewelry and wholesale orders. High-quality gemtone chip beads with flexible customization, competitive pricing, and fast shipping worldwide.","og_url":"https:\/\/hiphoongems.com\/fr\/product\/gemstone-chip-beads\/natural-amazonite-chip-beads\/","og_site_name":"Hiphoon Gems Co.,Ltd","article_publisher":"https:\/\/www.facebook.com\/pages\/?category=your_pages&ref=bookmarks","article_modified_time":"2026-01-24T06:02:07+00:00","og_image":[{"width":1000,"height":1000,"url":"https:\/\/hiphoongems.com\/wp-content\/uploads\/2026\/01\/IMG_5367_\u526f\u672c.jpg","type":"image\/jpeg"}],"twitter_card":"summary_large_image","twitter_misc":{"Dur\u00e9e de lecture estim\u00e9e":"4 minutes"},"schema":{"@context":"https:\/\/schema.org","@graph":[{"@type":"WebPage","@id":"https:\/\/hiphoongems.com\/product\/gemstone-chip-beads\/natural-amazonite-chip-beads\/","url":"https:\/\/hiphoongems.com\/product\/gemstone-chip-beads\/natural-amazonite-chip-beads\/","name":"Natural Amazonite Chip Beads for Bracelet Necklace Making","isPartOf":{"@id":"https:\/\/hiphoongems.com\/#website"},"primaryImageOfPage":{"@id":"https:\/\/hiphoongems.com\/product\/gemstone-chip-beads\/natural-amazonite-chip-beads\/#primaryimage"},"image":{"@id":"https:\/\/hiphoongems.com\/product\/gemstone-chip-beads\/natural-amazonite-chip-beads\/#primaryimage"},"thumbnailUrl":"https:\/\/hiphoongems.com\/wp-content\/uploads\/2026\/01\/IMG_5367_\u526f\u672c.jpg","datePublished":"2026-01-06T09:36:32+00:00","dateModified":"2026-01-24T06:02:07+00:00","description":"Discover natural amazonite chip beads \u2013 irregular 5-8mm blue-green gemstone chips on a full loose strand. Perfect for healing crystal jewelry making.","breadcrumb":{"@id":"https:\/\/hiphoongems.com\/product\/gemstone-chip-beads\/natural-amazonite-chip-beads\/#breadcrumb"},"inLanguage":"fr-FR","potentialAction":[{"@type":"ReadAction","target":["https:\/\/hiphoongems.com\/product\/gemstone-chip-beads\/natural-amazonite-chip-beads\/"]}]},{"@type":"ImageObject","inLanguage":"fr-FR","@id":"https:\/\/hiphoongems.com\/product\/gemstone-chip-beads\/natural-amazonite-chip-beads\/#primaryimage","url":"https:\/\/hiphoongems.com\/wp-content\/uploads\/2026\/01\/IMG_5367_\u526f\u672c.jpg","contentUrl":"https:\/\/hiphoongems.com\/wp-content\/uploads\/2026\/01\/IMG_5367_\u526f\u672c.jpg","width":1000,"height":1000,"caption":"Authentic Amazonite chip beads, 32\u201d strand, featuring irregular pebble nugget shapes perfect for DIY jewelry and crafts"},{"@type":"BreadcrumbList","@id":"https:\/\/hiphoongems.com\/product\/gemstone-chip-beads\/natural-amazonite-chip-beads\/#breadcrumb","itemListElement":[{"@type":"ListItem","position":1,"name":"Home","item":"https:\/\/hiphoongems.com\/"},{"@type":"ListItem","position":2,"name":"Product","item":"https:\/\/hiphoongems.com\/product\/"},{"@type":"ListItem","position":3,"name":"Natural Amazonite Chip Beads &#8211; Irregular Pebble Nugget Gemstone Beads"}]},{"@type":"WebSite","@id":"https:\/\/hiphoongems.com\/#website","url":"https:\/\/hiphoongems.com\/","name":"Hiphoon Gems Co.,Ltd","description":"Hiphoon Gems Co.,Ltd","publisher":{"@id":"https:\/\/hiphoongems.com\/#organization"},"potentialAction":[{"@type":"SearchAction","target":{"@type":"EntryPoint","urlTemplate":"https:\/\/hiphoongems.com\/?s={search_term_string}"},"query-input":{"@type":"PropertyValueSpecification","valueRequired":true,"valueName":"search_term_string"}}],"inLanguage":"fr-FR"},{"@type":"Organization","@id":"https:\/\/hiphoongems.com\/#organization","name":"Hiphoon Gems Co.,Ltd","url":"https:\/\/hiphoongems.com\/","logo":{"@type":"ImageObject","inLanguage":"fr-FR","@id":"https:\/\/hiphoongems.com\/#\/schema\/logo\/image\/","url":"https:\/\/hiphoongems.com\/wp-content\/uploads\/2025\/12\/logo1313.webp","contentUrl":"https:\/\/hiphoongems.com\/wp-content\/uploads\/2025\/12\/logo1313.webp","width":357,"height":229,"caption":"Hiphoon Gems Co.,Ltd"},"image":{"@id":"https:\/\/hiphoongems.com\/#\/schema\/logo\/image\/"},"sameAs":["https:\/\/www.facebook.com\/pages\/?category=your_pages&ref=bookmarks"]}]}},"_links":{"self":[{"href":"https:\/\/hiphoongems.com\/fr\/wp-json\/wp\/v2\/product\/996","targetHints":{"allow":["GET"]}}],"collection":[{"href":"https:\/\/hiphoongems.com\/fr\/wp-json\/wp\/v2\/product"}],"about":[{"href":"https:\/\/hiphoongems.com\/fr\/wp-json\/wp\/v2\/types\/product"}],"wp:featuredmedia":[{"embeddable":true,"href":"https:\/\/hiphoongems.com\/fr\/wp-json\/wp\/v2\/media\/1001"}],"wp:attachment":[{"href":"https:\/\/hiphoongems.com\/fr\/wp-json\/wp\/v2\/media?parent=996"}],"wp:term":[{"taxonomy":"product_brand","embeddable":true,"href":"https:\/\/hiphoongems.com\/fr\/wp-json\/wp\/v2\/product_brand?post=996"},{"taxonomy":"product_cat","embeddable":true,"href":"https:\/\/hiphoongems.com\/fr\/wp-json\/wp\/v2\/product_cat?post=996"},{"taxonomy":"product_tag","embeddable":true,"href":"https:\/\/hiphoongems.com\/fr\/wp-json\/wp\/v2\/product_tag?post=996"}],"curies":[{"name":"wp","href":"https:\/\/api.w.org\/{rel}","templated":true}]}}